{"id":111,"date":"2016-09-30T10:20:18","date_gmt":"2016-09-30T10:20:18","guid":{"rendered":"http:\/\/hotelwp.thimpress.com\/hotelwp-2\/?page_id=111"},"modified":"2021-09-06T12:38:45","modified_gmt":"2021-09-06T10:38:45","slug":"home","status":"publish","type":"page","link":"https:\/\/syrrakostavraetos.gr\/de\/","title":{"rendered":"Startseite"},"content":{"rendered":"<p><\/p>\n<p>[vc_row full_width=&#8221;stretch_row_content_no_spaces&#8221; el_class=&#8221;home-2-position&#8221;][vc_column]\n\t\t\t<!-- START home de REVOLUTION SLIDER 6.5.25 --><p class=\"rs-p-wp-fix\"><\/p>\n\t\t\t<rs-module-wrap id=\"rev_slider_3_3_wrapper\" data-source=\"gallery\" style=\"visibility:hidden;background:#FFFFFF;padding:0;margin:0px auto;margin-top:0;margin-bottom:0;\">\n\t\t\t\t<rs-module id=\"rev_slider_3_3\" style=\"\" data-version=\"6.5.25\">\n\t\t\t\t\t<rs-slides>\n\t\t\t\t\t\t<rs-slide style=\"position: absolute;\" data-key=\"rs-12\" data-title=\"Slide\" data-anim=\"ms:630;\" data-in=\"o:0;\" data-out=\"a:false;\">\n\t\t\t\t\t\t\t<img decoding=\"async\" src=\"\/\/syrrakostavraetos.gr\/wp-content\/plugins\/revslider\/public\/assets\/assets\/dummy.png\" alt=\"\" title=\"Startseite\" class=\"rev-slidebg tp-rs-img rs-lazyload\" data-lazyload=\"\/\/syrrakostavraetos.gr\/wp-content\/uploads\/2019\/04\/DSC84131-\u0391\u03bd\u03c4\u03af\u03b3\u03c1\u03b1\u03c6\u03bf.jpg\" data-no-retina>\n<!--\n\t\t\t\t\t\t\t--><h1\n\t\t\t\t\t\t\t\tid=\"slider-3-slide-12-layer-1\" \n\t\t\t\t\t\t\t\tclass=\"rs-layer\"\n\t\t\t\t\t\t\t\tdata-type=\"text\"\n\t\t\t\t\t\t\t\tdata-color=\"rgba(255, 255, 255, 1)\"\n\t\t\t\t\t\t\t\tdata-rsp_ch=\"on\"\n\t\t\t\t\t\t\t\tdata-xy=\"x:c;xo:-1px,-1px,0,0;y:m;yo:-63px,-63px,-60px,-30px;\"\n\t\t\t\t\t\t\t\tdata-text=\"s:50,50,45,26;fw:400,400,400,700;a:center;\"\n\t\t\t\t\t\t\t\tdata-frame_0=\"x:ran(-250|250);y:ran(-150|150);sX:ran(0|1);sY:ran(0|1);rX:ran(-90|90);rY:ran(-90|90);rZ:ran(-360|360);\"\n\t\t\t\t\t\t\t\tdata-frame_1=\"e:default;st:200;sp:0;sR:170;\"\n\t\t\t\t\t\t\t\tdata-frame_999=\"o:0;e:power2.in;st:w;sp:100;sR:7310;\"\n\t\t\t\t\t\t\t\tstyle=\"z-index:5;font-family:'Roboto';\"\n\t\t\t\t\t\t\t>Brillanz in jedem Detail \n\t\t\t\t\t\t\t<\/h1><!--\n-->\t\t\t\t\t\t<\/rs-slide>\n\t\t\t\t\t\t<rs-slide style=\"position: absolute;\" data-key=\"rs-16\" data-title=\"Slide\" data-anim=\"ms:600;\" data-in=\"o:0;\" data-out=\"a:false;\">\n\t\t\t\t\t\t\t<img decoding=\"async\" src=\"\/\/syrrakostavraetos.gr\/wp-content\/plugins\/revslider\/public\/assets\/assets\/dummy.png\" alt=\"\" title=\"dav\" width=\"1024\" height=\"495\" class=\"rev-slidebg tp-rs-img rs-lazyload\" data-lazyload=\"\/\/syrrakostavraetos.gr\/wp-content\/uploads\/2021\/03\/IMG_20190601_154143_cropped-1024x495-1.jpg\" data-no-retina>\n<!--\n\t\t\t\t\t\t\t--><h1\n\t\t\t\t\t\t\t\tid=\"slider-3-slide-16-layer-1\" \n\t\t\t\t\t\t\t\tclass=\"rs-layer\"\n\t\t\t\t\t\t\t\tdata-type=\"text\"\n\t\t\t\t\t\t\t\tdata-color=\"rgba(255, 255, 255, 1)\"\n\t\t\t\t\t\t\t\tdata-rsp_ch=\"on\"\n\t\t\t\t\t\t\t\tdata-xy=\"x:c;y:m;yo:-60px,-60px,-60px,-30px;\"\n\t\t\t\t\t\t\t\tdata-text=\"s:50,50,45,26;fw:400,400,400,700;a:center;\"\n\t\t\t\t\t\t\t\tdata-frame_0=\"x:ran(-250|250);y:ran(-150|150);sX:ran(0|1);sY:ran(0|1);rX:ran(-90|90);rY:ran(-90|90);rZ:ran(-360|360);\"\n\t\t\t\t\t\t\t\tdata-frame_1=\"e:default;st:200;sp:0;sR:300;\"\n\t\t\t\t\t\t\t\tdata-frame_999=\"o:0;e:power2.in;st:w;sp:100;sR:7200;\"\n\t\t\t\t\t\t\t\tstyle=\"z-index:8;font-family:'Roboto';\"\n\t\t\t\t\t\t\t>Genie\u00dfen Sie Ihren Urlaub \n\t\t\t\t\t\t\t<\/h1><!--\n-->\t\t\t\t\t\t<\/rs-slide>\n\t\t\t\t\t\t<rs-slide style=\"position: absolute;\" data-key=\"rs-13\" data-title=\"Slide\" data-anim=\"ms:600;\" data-in=\"o:0;\" data-out=\"a:false;\">\n\t\t\t\t\t\t\t<img decoding=\"async\" src=\"\/\/syrrakostavraetos.gr\/wp-content\/plugins\/revslider\/public\/assets\/assets\/dummy.png\" alt=\"\" title=\"\u03b6\u03b5\u03b9\u03bd\" width=\"900\" height=\"600\" class=\"rev-slidebg tp-rs-img rs-lazyload\" data-lazyload=\"\/\/syrrakostavraetos.gr\/wp-content\/uploads\/2017\/11\/\u03b6\u03b5\u03b9\u03bd.jpg\" data-no-retina>\n<!--\n\t\t\t\t\t\t\t--><h1\n\t\t\t\t\t\t\t\tid=\"slider-3-slide-13-layer-1\" \n\t\t\t\t\t\t\t\tclass=\"rs-layer\"\n\t\t\t\t\t\t\t\tdata-type=\"text\"\n\t\t\t\t\t\t\t\tdata-color=\"rgba(255, 255, 255, 1)\"\n\t\t\t\t\t\t\t\tdata-rsp_ch=\"on\"\n\t\t\t\t\t\t\t\tdata-xy=\"x:c;xo:1px,1px,0,0;y:m;yo:-61px,-61px,-60px,-30px;\"\n\t\t\t\t\t\t\t\tdata-text=\"s:50,56,38,24;fw:400,400,700,700;a:center;\"\n\t\t\t\t\t\t\t\tdata-dim=\"h:66px,auto,auto,auto;\"\n\t\t\t\t\t\t\t\tdata-padding=\"t:20;b:10;\"\n\t\t\t\t\t\t\t\tdata-frame_0=\"o:1;\"\n\t\t\t\t\t\t\t\tdata-frame_0_chars=\"d:5;y:100%;o:1;rZ:-35deg;\"\n\t\t\t\t\t\t\t\tdata-frame_0_mask=\"u:t;\"\n\t\t\t\t\t\t\t\tdata-frame_1=\"x:1px,0,0,0;y:2px,0,0,0;e:default;st:200;sp:0;sR:300;\"\n\t\t\t\t\t\t\t\tdata-frame_1_chars=\"d:5;\"\n\t\t\t\t\t\t\t\tdata-frame_1_mask=\"u:t;\"\n\t\t\t\t\t\t\t\tdata-frame_999=\"o:0;e:power2.in;st:w;sp:100;sR:6050;\"\n\t\t\t\t\t\t\t\tstyle=\"z-index:5;font-family:'Roboto';\"\n\t\t\t\t\t\t\t>Diskreter Luxus \n\t\t\t\t\t\t\t<\/h1><!--\n-->\t\t\t\t\t\t<\/rs-slide>\n\t\t\t\t\t\t<rs-slide style=\"position: absolute;\" data-key=\"rs-14\" data-title=\"Slide\" data-anim=\"ms:600;\" data-in=\"o:0;\" data-out=\"a:false;\">\n\t\t\t\t\t\t\t<img decoding=\"async\" src=\"\/\/syrrakostavraetos.gr\/wp-content\/plugins\/revslider\/public\/assets\/assets\/dummy.png\" alt=\"\" width=\"1280\" height=\"640\" class=\"rev-slidebg tp-rs-img rs-lazyload\" data-lazyload=\"\/\/syrrakostavraetos.gr\/wp-content\/uploads\/2017\/10\/fancy-dinner-restaurant.jpg\" data-no-retina>\n<!--\n\t\t\t\t\t\t\t--><h1\n\t\t\t\t\t\t\t\tid=\"slider-3-slide-14-layer-1\" \n\t\t\t\t\t\t\t\tclass=\"rs-layer\"\n\t\t\t\t\t\t\t\tdata-type=\"text\"\n\t\t\t\t\t\t\t\tdata-color=\"rgba(255, 255, 255, 1)\"\n\t\t\t\t\t\t\t\tdata-rsp_ch=\"on\"\n\t\t\t\t\t\t\t\tdata-xy=\"x:c;xo:1px,1px,0,0;y:m;yo:-59px,-61px,-60px,-30px;\"\n\t\t\t\t\t\t\t\tdata-text=\"s:50,56,38,24;fw:400,400,700,700;a:center;\"\n\t\t\t\t\t\t\t\tdata-dim=\"h:75px,auto,auto,auto;\"\n\t\t\t\t\t\t\t\tdata-padding=\"t:20;b:10;\"\n\t\t\t\t\t\t\t\tdata-frame_0=\"o:1;\"\n\t\t\t\t\t\t\t\tdata-frame_0_chars=\"d:5;y:100%;o:1;rZ:-35deg;\"\n\t\t\t\t\t\t\t\tdata-frame_0_mask=\"u:t;\"\n\t\t\t\t\t\t\t\tdata-frame_1=\"e:default;st:200;sp:0;sR:300;\"\n\t\t\t\t\t\t\t\tdata-frame_1_chars=\"d:5;\"\n\t\t\t\t\t\t\t\tdata-frame_1_mask=\"u:t;\"\n\t\t\t\t\t\t\t\tdata-frame_999=\"o:0;e:power2.in;st:w;sp:100;sR:4150;\"\n\t\t\t\t\t\t\t\tstyle=\"z-index:5;font-family:'Roboto';\"\n\t\t\t\t\t\t\t>Geschmacksrichtungen, die Sie herausfordern, sie zu testen \n\t\t\t\t\t\t\t<\/h1><!--\n-->\t\t\t\t\t\t<\/rs-slide>\n\t\t\t\t\t\t<rs-slide style=\"position: absolute;\" data-key=\"rs-15\" data-title=\"Slide\" data-anim=\"ms:600;\" data-in=\"o:0;\" data-out=\"a:false;\">\n\t\t\t\t\t\t\t<img decoding=\"async\" src=\"\/\/syrrakostavraetos.gr\/wp-content\/plugins\/revslider\/public\/assets\/assets\/dummy.png\" alt=\"\" title=\"SONY DSC\" width=\"1280\" height=\"640\" class=\"rev-slidebg tp-rs-img rs-lazyload\" data-lazyload=\"\/\/syrrakostavraetos.gr\/wp-content\/uploads\/2017\/11\/DSC7686-1-1.jpg\" data-no-retina>\n<!--\n\t\t\t\t\t\t\t--><h1\n\t\t\t\t\t\t\t\tid=\"slider-3-slide-15-layer-1\" \n\t\t\t\t\t\t\t\tclass=\"rs-layer\"\n\t\t\t\t\t\t\t\tdata-type=\"text\"\n\t\t\t\t\t\t\t\tdata-color=\"#ffffff||rgba(255, 255, 255, 1)||rgba(255, 255, 255, 1)||rgba(255, 255, 255, 1)\"\n\t\t\t\t\t\t\t\tdata-rsp_ch=\"on\"\n\t\t\t\t\t\t\t\tdata-xy=\"x:c;xo:1px,1px,0,0;y:m;yo:-61px,-61px,-60px,-30px;\"\n\t\t\t\t\t\t\t\tdata-text=\"s:50,56,38,24;fw:400,400,700,700;a:center;\"\n\t\t\t\t\t\t\t\tdata-dim=\"h:70px,auto,auto,auto;\"\n\t\t\t\t\t\t\t\tdata-padding=\"t:20;b:10;\"\n\t\t\t\t\t\t\t\tdata-frame_0=\"o:1;\"\n\t\t\t\t\t\t\t\tdata-frame_0_chars=\"d:5;y:100%;o:1;rZ:-35deg;\"\n\t\t\t\t\t\t\t\tdata-frame_0_mask=\"u:t;\"\n\t\t\t\t\t\t\t\tdata-frame_1=\"e:default;st:200;sp:0;sR:300;\"\n\t\t\t\t\t\t\t\tdata-frame_1_chars=\"d:5;\"\n\t\t\t\t\t\t\t\tdata-frame_1_mask=\"u:t;\"\n\t\t\t\t\t\t\t\tdata-frame_999=\"o:0;e:power2.in;st:w;sp:100;sR:5350;\"\n\t\t\t\t\t\t\t\tstyle=\"z-index:5;font-family:'Roboto';\"\n\t\t\t\t\t\t\t>Syrrako! Ein m\u00e4rchenhaftes Dorf \n\t\t\t\t\t\t\t<\/h1><!--\n-->\t\t\t\t\t\t<\/rs-slide>\n\t\t\t\t\t<\/rs-slides>\n\t\t\t\t<\/rs-module>\n\t\t\t\t<script>\n\t\t\t\t\tsetREVStartSize({c: 'rev_slider_3_3',rl:[1240,1024,778,480],el:[600,600,500,400],gw:[1240,1024,778,480],gh:[600,600,500,400],type:'standard',justify:'',layout:'fullwidth',mh:\"0\"});if (window.RS_MODULES!==undefined && window.RS_MODULES.modules!==undefined && window.RS_MODULES.modules[\"revslider33\"]!==undefined) {window.RS_MODULES.modules[\"revslider33\"].once = false;window.revapi3 = undefined;if (window.RS_MODULES.checkMinimal!==undefined) window.RS_MODULES.checkMinimal()}\n\t\t\t\t<\/script>\n\t\t\t<\/rs-module-wrap>\n\t\t\t<!-- END REVOLUTION SLIDER -->\n[\/vc_column][\/vc_row][vc_row][vc_column][vc_empty_space height=&#8221;95px&#8221;]\n\t<div class=\"thim-sc-heading  \" >\n\t\t<div class=\"article_heading \">\n\t\t\t<p class=\"heading_primary\"  >Herzlich Willkommen<\/p>\n\t\t\t<h3 style=\"color: #000000;font-size: 26px;\" class=\"heading_secondary\">Hotel Stavraetos<\/h3>\n\t\t\t \n\t\t\t\n\t\t<\/div>\n\t<\/div>[vc_empty_space height=&#8221;20px&#8221;][\/vc_column][\/vc_row][vc_row css=&#8221;.vc_custom_1509664280374{border-bottom-width: 1px !important;border-bottom-color: #000000 !important;border-bottom-style: solid !important;border-radius: 1px !important;}&#8221;][vc_column width=&#8221;2\/3&#8243;][vc_wp_text]<\/p>\n<p style=\"text-align: center;\"><strong>Hier bei Syrrako finden Sie das traditionelle G\u00e4stehaus &#8220;Stavraetos&#8221; f\u00fcr Ihren Aufenthalt. Es verf\u00fcgt \u00fcber 8 Zimmer und steht in der Mitte der Siedlung neben dem Gouras-Brunnen, direkt \u00fcber dem zentralen Platz mit den jahrhundertealten Platanen. Es ist ein zweist\u00f6ckiges Haus aus Stein, das die Familie Vaitsi renoviert und in ein G\u00e4stehaus verwandelt hat. Das Hostel wurde vom GNTO gepr\u00e4gt\u00a0 als traditionelle Unterkunft und arbeitet ab September 2012.<\/strong><\/p>\n<p style=\"text-align: center;\"><strong>Die aufwendigen Holzdecken, die handgefertigten Bronzelampen, der fantastische Blick auf den Tzoumerka f\u00fcgen sich harmonisch in die ausgezeichnete Qualit\u00e4t der geschnitzten M\u00f6bel und den eindrucksvollen Farbwechsel der Zimmer ein. Die Familie Vaitsis hatte das Ziel, die traditionellen \u00a0Anforderungen von Syrrako mit Komfort und Luxus zu kombinieren, um eine der besten Unterk\u00fcnfte in Tzoumerka zu schaffen.<\/strong><\/p>\n<p style=\"text-align: center;\"><strong>Seit September 2017 hat das Unternehmen eine weitere Villa, die seit Jahrzehnten die &#8220;Bildungsinternat&#8221; von Syrrako ist, renoviert. So wurden 4 weitere R\u00e4ume zum Potenzial von &#8220;Stavraetos&#8221; hinzugef\u00fcgt, die den Besuchern Komfort und W\u00e4rme bieten und die modernen Bed\u00fcrfnisse und traditionellen Elemente des Ortes kombinieren.<\/strong><\/p>\n<p>[\/vc_wp_text][vc_btn title=&#8221;Mehr \u00fcber uns&#8221; color=&#8221;default&#8221; align=&#8221;right&#8221; link=&#8221;url:https%3A%2F%2Fsyrrakostavraetos.gr%2Fhotel%2F|||&#8221;][\/vc_column][vc_column width=&#8221;1\/3&#8243;][vc_single_image image=&#8221;3888&#8243; img_size=&#8221;600&#215;700&#8243;][\/vc_column][\/vc_row][vc_row][vc_column][vc_empty_space height=&#8221;40px&#8221;][\/vc_column][\/vc_row][vc_row full_width=&#8221;stretch_row_content_no_spaces&#8221; el_class=&#8221;no-fill-sm category-group&#8221;][vc_column width=&#8221;1\/4&#8243;]\n        <div class=\"thim-sc-categories-link  \">\n            <div class=\"content\">\n                <img decoding=\"async\" src=\"https:\/\/syrrakostavraetos.gr\/wp-content\/uploads\/2017\/11\/pict35l.jpg\" alt=\"SONY DSC\" \/>\n                <h4 class=\"categories-title center-center has-line\" style=\"color: #ffffff;font-size: 30px;\">Zimmern<\/h4>\n                <a class=\"categories-link\" href=\"https:\/\/syrrakostavraetos.reserve-online.net\/\"><\/a>\n            <\/div>\n        <\/div>\n    [\/vc_column][vc_column width=&#8221;1\/4&#8243;]\n        <div class=\"thim-sc-categories-link  \">\n            <div class=\"content\">\n                <img decoding=\"async\" src=\"https:\/\/syrrakostavraetos.gr\/wp-content\/uploads\/2017\/11\/pict54l.jpg\" alt=\"SONY DSC\" \/>\n                <h4 class=\"categories-title center-center has-line\" style=\"color: #ffffff;font-size: 30px;\">Restaurant<\/h4>\n                <a class=\"categories-link\" href=\"https:\/\/syrrakostavraetos.gr\/?page_id=3655\"><\/a>\n            <\/div>\n        <\/div>\n    [\/vc_column][vc_column width=&#8221;1\/4&#8243;]\n        <div class=\"thim-sc-categories-link  \">\n            <div class=\"content\">\n                <img decoding=\"async\" src=\"https:\/\/syrrakostavraetos.gr\/wp-content\/uploads\/2017\/11\/pict63la.jpg\" alt=\"MINOLTA DIGITAL CAMERA\" \/>\n                <h4 class=\"categories-title center-center has-line\" style=\"color: #ffffff;font-size: 30px;\">Sehensw\u00fcrdigkeiten<\/h4>\n                <a class=\"categories-link\" href=\"https:\/\/syrrakostavraetos.gr\/?page_id=3662\"><\/a>\n            <\/div>\n        <\/div>\n    [\/vc_column][vc_column width=&#8221;1\/4&#8243;]\n        <div class=\"thim-sc-categories-link  \">\n            <div class=\"content\">\n                <img decoding=\"async\" src=\"https:\/\/syrrakostavraetos.gr\/wp-content\/uploads\/2017\/11\/0022-_MG_3483.jpg\" alt=\"\" \/>\n                <h4 class=\"categories-title center-center has-line\" style=\"color: #ffffff;font-size: 30px;\">Aktivit\u00e4ten<\/h4>\n                <a class=\"categories-link\" href=\"https:\/\/syrrakostavraetos.gr\/?page_id=3658\"><\/a>\n            <\/div>\n        <\/div>\n    [\/vc_column][\/vc_row][vc_row][vc_column][vc_empty_space height=&#8221;30px&#8221;][\/vc_column][\/vc_row][vc_row][vc_column]\n\t<div class=\"thim-sc-heading  \" >\n\t\t<div class=\"article_heading \">\n\t\t\t<p class=\"heading_primary\"  >Vergiss nicht ...<\/p>\n\t\t\t\n\t\t\t \n\t\t\t\n\t\t<\/div>\n\t<\/div>[vc_empty_space height=&#8221;15px&#8221;][vc_row_inner css=&#8221;.vc_custom_1509664950636{border-bottom-width: 1px !important;border-bottom-color: #000000 !important;border-bottom-style: solid !important;border-radius: 1px !important;}&#8221;][vc_column_inner width=&#8221;1\/2&#8243;][vc_message message_box_style=&#8221;solid-icon&#8221; message_box_color=&#8221;alert-warning&#8221;]Schneeketten w\u00e4hrend der Wintermonate sowie warme Kleidung.[\/vc_message][vc_message message_box_style=&#8221;solid-icon&#8221; message_box_color=&#8221;alert-warning&#8221;]Frische Stationen in Syrrako und Apotheken werden in Pramanta und Koutselio gefunden.[\/vc_message][\/vc_column_inner][vc_column_inner width=&#8221;1\/2&#8243;][vc_message message_box_style=&#8221;solid-icon&#8221; message_box_color=&#8221;alert-warning&#8221;]Lassen Sie den Stress des Alltags hinter sich, denn Sie warten auf Momente der Entspannung und Ruhe.[\/vc_message][vc_message message_box_style=&#8221;solid-icon&#8221; message_box_color=&#8221;alert-warning&#8221;]Bequemes und weiches Schuhe f\u00fcr bequemes Wandern auf den Berg- und Kopfsteinpflasterstra\u00dfen von Syrrako.[\/vc_message][\/vc_column_inner][\/vc_row_inner][\/vc_column][\/vc_row]<\/p>\n<p><\/p>","protected":false},"excerpt":{"rendered":"<p>[vc_row full_width=&#8221;stretch_row_content_no_spaces&#8221; el_class=&#8221;home-2-position&#8221;][vc_column][\/vc_column][\/vc_row][vc_row][vc_column][vc_empty_space height=&#8221;95px&#8221;][vc_empty_space height=&#8221;20px&#8221;][\/vc_column][\/vc_row][vc_row css=&#8221;.vc_custom_1509664280374{border-bottom-width: 1px !important;border-bottom-color: #000000 !important;border-bottom-style: solid !important;border-radius: 1px !important;}&#8221;][vc_column width=&#8221;2\/3&#8243;][vc_wp_text] Hier bei Syrrako finden Sie das traditionelle G\u00e4stehaus &#8220;Stavraetos&#8221; f\u00fcr Ihren Aufenthalt. Es verf\u00fcgt \u00fcber 8 Zimmer und steht in der Mitte der Siedlung neben dem Gouras-Brunnen, direkt \u00fcber dem zentralen Platz mit den jahrhundertealten&#8230;<\/p>\n","protected":false},"author":2,"featured_media":0,"parent":0,"menu_order":27,"comment_status":"closed","ping_status":"closed","template":"templates\/home-page.php","meta":{"footnotes":""},"aioseo_notices":[],"_links":{"self":[{"href":"https:\/\/syrrakostavraetos.gr\/de\/wp-json\/wp\/v2\/pages\/111"}],"collection":[{"href":"https:\/\/syrrakostavraetos.gr\/de\/wp-json\/wp\/v2\/pages"}],"about":[{"href":"https:\/\/syrrakostavraetos.gr\/de\/wp-json\/wp\/v2\/types\/page"}],"author":[{"embeddable":true,"href":"https:\/\/syrrakostavraetos.gr\/de\/wp-json\/wp\/v2\/users\/2"}],"replies":[{"embeddable":true,"href":"https:\/\/syrrakostavraetos.gr\/de\/wp-json\/wp\/v2\/comments?post=111"}],"version-history":[{"count":41,"href":"https:\/\/syrrakostavraetos.gr\/de\/wp-json\/wp\/v2\/pages\/111\/revisions"}],"predecessor-version":[{"id":5599,"href":"https:\/\/syrrakostavraetos.gr\/de\/wp-json\/wp\/v2\/pages\/111\/revisions\/5599"}],"wp:attachment":[{"href":"https:\/\/syrrakostavraetos.gr\/de\/wp-json\/wp\/v2\/media?parent=111"}],"curies":[{"name":"wp","href":"https:\/\/api.w.org\/{rel}","templated":true}]}}