{"id":3655,"date":"2017-10-31T17:35:26","date_gmt":"2017-10-31T17:35:26","guid":{"rendered":"https:\/\/syrrakostavraetos.gr\/?page_id=3655"},"modified":"2021-03-23T20:34:59","modified_gmt":"2021-03-23T18:34:59","slug":"restaurant","status":"publish","type":"page","link":"https:\/\/syrrakostavraetos.gr\/de\/restaurant\/","title":{"rendered":"Restaurant"},"content":{"rendered":"<p>[vc_row][vc_column]\n\t<div class=\"thim-sc-heading  \" >\n\t\t<div class=\"article_heading \">\n\t\t\t<p class=\"heading_primary\"  >Herzlich Willkommen<\/p>\n\t\t\t<h3 style=\"color: #000000;font-size: 26px;\" class=\"heading_secondary\">Im Restaurant<\/h3>\n\t\t\t \n\t\t\t\n\t\t<\/div>\n\t<\/div>[vc_empty_space height=&#8221;25px&#8221;][\/vc_column][\/vc_row][vc_row][vc_column][vc_wp_text]<\/p>\n<p style=\"text-align: center;\"><strong>Die traditionelle Taverne &#8220;Stavraetos&#8221; in Syrrako ist das erste Touristengesch\u00e4ft in der Region. Es wurde 1976 von Vasilis Vatsis gegr\u00fcndet und bis heute seine Familie betreut Besucher und Liebhaber des Dorfes Syrrako.<\/strong><\/p>\n<p style=\"text-align: center;\"><strong>In einer traditionellen Umgebung mit kunstvoll verzierten Holzdecken, einem Steinkamin, Fotografien und Gegenst\u00e4nden aus dem alten Syrrako warten die kulinarische Gen\u00fcsse von &#8220;Stavraetos&#8221; darauf, von Ihnen genossen zu werden.<\/strong><\/p>\n<p style=\"text-align: center;\"><strong>Der Raum ist renoviert, verf\u00fcgt \u00fcber Bel\u00fcftung und Klimaanlage und eignet sich f\u00fcr Bankette, gesellschaftliche Veranstaltungen und organisierte F\u00fchrungen und ist f\u00fcr 80 Personen geeignet. Im letzten Jahr stand Stavraetos im Mittelpunkt verschiedener Veranstaltungen (Hochzeiten, Taufen, Konferenzen usw.).<\/strong><\/p>\n<p style=\"text-align: center;\"><strong>Das Restaurant hat ein ISO 22000 Food Quality Management System eingef\u00fchrt und erf\u00fcllt die Anforderungen des HACCP Food Safety Systems.<\/strong><\/p>\n<h4 style=\"text-align: center;\"><strong>Lokale Geschm\u00e4cker &amp; Gastronomie<\/strong><\/h4>\n<p style=\"text-align: center;\"><strong>Die entwickelte Tierhaltung und die Herstellung von K\u00e4seprodukten sind das wichtigste Element der Gastronomie von Urban. Eine gro\u00dfe Auswahl an K\u00e4sesorten wie gebraten Greyerzer und Hartk\u00e4se , Galotyri und gebraten Feta-K\u00e4se wird Sie faszinieren. Die gastronomische Vielfalt der Gegend ist mit Bl\u00e4tterteigpasteten bereichert, deren Rezepte zeitlich von Generation zu Generation transportiert werden.<\/strong><\/p>\n<p style=\"text-align: center;\"><strong>K\u00e4sepastete, Gem\u00fcsepastate, Zimaropita und K\u00fcrbispastete, Fleischpastete und Makkaronipastete hen sind einige der ber\u00fchmten Kuchen von &#8220;Stavraetos&#8221;, die Frau Eurydice seit 35 Jahren f\u00fcr ihre Kunden zubereitet hat.<\/strong><\/p>\n<p style=\"text-align: center;\"><strong>Lammbraten auf dem Kochtopf , \u0396iege gekocht , Schweinefleisch mit Sellerie und Gem\u00fcse, Schaffleisch auf Kohle warten darauf, entdeckt zu werden, begleitet von Tsipouro und feinem Rotwein. Eine Marke f\u00fcr &#8220;Stavraetos&#8221; ist die gro\u00dfe Auswahl an S\u00fc\u00dfigkeiten, die alle unsere Produktion ausmachen.<\/strong><\/p>\n<p>[\/vc_wp_text][\/vc_column][\/vc_row][vc_row][vc_column][vc_images_carousel images=&#8221;3865,3857,3853,3867,3866,3864,3863,3862,3861,3859,3860,3858,3855,3854&#8243; img_size=&#8221;full&#8221; onclick=&#8221;link_no&#8221; speed=&#8221;3000&#8243; slides_per_view=&#8221;2&#8243; autoplay=&#8221;yes&#8221; hide_pagination_control=&#8221;yes&#8221; wrap=&#8221;yes&#8221; css_animation=&#8221;appear&#8221;][\/vc_column][\/vc_row][vc_row][vc_column][vc_empty_space height=&#8221;45px&#8221;]\n\t<div class=\"thim-sc-heading  \" >\n\t\t<div class=\"article_heading \">\n\t\t\t<p class=\"heading_primary\"  >Organisation von Veranstaltungen<\/p>\n\t\t\t<h3 style=\"color: #000000;font-size: 25px;\" class=\"heading_secondary\">Organisation von Veranstaltungen<\/h3>\n\t\t\t \n\t\t\t\n\t\t<\/div>\n\t<\/div>[vc_empty_space height=&#8221;25px&#8221;][\/vc_column][\/vc_row][vc_row][vc_column][vc_wp_text]<strong>Unsere Unternehmen hat im vergangenen Jahr verschiedene Veranstaltungen (Hochzeiten, Taufen, Konferenzen usw.) organisiert und konzentriert.<\/strong>[\/vc_wp_text][\/vc_column][\/vc_row][vc_row][vc_column][vc_images_carousel images=&#8221;5052,4883,4882,4881,4880,4879,3852,3850,3851&#8243; img_size=&#8221;full&#8221; onclick=&#8221;link_no&#8221; speed=&#8221;3000&#8243; slides_per_view=&#8221;2&#8243; autoplay=&#8221;yes&#8221; hide_pagination_control=&#8221;yes&#8221; wrap=&#8221;yes&#8221; css_animation=&#8221;appear&#8221;][\/vc_column][\/vc_row][vc_row][vc_column][vc_empty_space height=&#8221;45px&#8221;]\n\t<div class=\"thim-sc-heading  \" >\n\t\t<div class=\"article_heading \">\n\t\t\t<p class=\"heading_primary\"  >Tsipouro und Einweihung<\/p>\n\t\t\t<h3 style=\"color: #000000;font-size: 25px;\" class=\"heading_secondary\">Im Restaurant<\/h3>\n\t\t\t \n\t\t\t\n\t\t<\/div>\n\t<\/div>[vc_empty_space height=&#8221;25px&#8221;][\/vc_column][\/vc_row][vc_row][vc_column][vc_wp_text]<\/p>\n<p style=\"text-align: center;\"><strong>Tsipouro in Tzoumerka kann nicht als Begriff in der Semiologie der W\u00f6rter stehen, es ist nicht nur ein Getr\u00e4nk.<\/strong><\/p>\n<p style=\"text-align: center;\"><strong>Tsipouro bedeutet Abh\u00e4ngen, Spa\u00df, Schlemmen, Singen und Tanzen. Es bedeutet Freude, es bedeutet Liebe und Schmerz, es bedeutet F\u00fchlen.<\/strong><\/p>\n<p style=\"text-align: center;\"><strong>Es bedeutet endlose Gespr\u00e4che neben dem Kamino, Vereinbarungen und Unstimmigkeiten, bedeutet, durch die Legende der Geschichte unseres Landes zu den gro\u00dfen Fragen der Zukunft zu gehen. Es bedeutet, mit seinem Ort und seinem Volk eins zu werden, ein Freund zu werden.<\/strong><\/p>\n<p style=\"text-align: center;\"><strong>Tsipouro bedeutet hier Einweihung.<\/strong><\/p>\n<p style=\"text-align: center;\"><strong>Tsipouro von Stavraetos wird traditionell aus handgefertigten Bronzet\u00f6pfen aus lokalen Rebsorten des Syrrako-Herstellers Christoforos Tefa hergestellt. Es kommt bei 18 Grad Alkohol heraus, verursacht keine Nebenwirkungen und wird mit H\u00e4ppchen serviert.<\/strong><\/p>\n<p>[\/vc_wp_text][\/vc_column][\/vc_row][vc_row][vc_column width=&#8221;1\/3&#8243;][vc_single_image image=&#8221;3937&#8243; img_size=&#8221;370&#215;300&#8243; alignment=&#8221;center&#8221;][\/vc_column][vc_column width=&#8221;1\/3&#8243;][vc_single_image image=&#8221;3938&#8243; img_size=&#8221;370&#215;300&#8243; alignment=&#8221;center&#8221;][\/vc_column][vc_column width=&#8221;1\/3&#8243;][vc_single_image image=&#8221;5056&#8243; img_size=&#8221;370&#215;300&#8243; alignment=&#8221;center&#8221;][\/vc_column][\/vc_row]<\/p>","protected":false},"excerpt":{"rendered":"<p>[vc_row][vc_column][vc_empty_space height=&#8221;25px&#8221;][\/vc_column][\/vc_row][vc_row][vc_column][vc_wp_text] Die traditionelle Taverne &#8220;Stavraetos&#8221; in Syrrako ist das erste Touristengesch\u00e4ft in der Region. Es wurde 1976 von Vasilis Vatsis gegr\u00fcndet und bis heute seine Familie betreut Besucher und Liebhaber des Dorfes Syrrako. In einer traditionellen Umgebung mit kunstvoll verzierten Holzdecken, einem Steinkamin, Fotografien und Gegenst\u00e4nden aus dem alten&#8230;<\/p>\n","protected":false},"author":2,"featured_media":0,"parent":0,"menu_order":5,"comment_status":"closed","ping_status":"closed","template":"","meta":{"footnotes":""},"aioseo_notices":[],"_links":{"self":[{"href":"https:\/\/syrrakostavraetos.gr\/de\/wp-json\/wp\/v2\/pages\/3655"}],"collection":[{"href":"https:\/\/syrrakostavraetos.gr\/de\/wp-json\/wp\/v2\/pages"}],"about":[{"href":"https:\/\/syrrakostavraetos.gr\/de\/wp-json\/wp\/v2\/types\/page"}],"author":[{"embeddable":true,"href":"https:\/\/syrrakostavraetos.gr\/de\/wp-json\/wp\/v2\/users\/2"}],"replies":[{"embeddable":true,"href":"https:\/\/syrrakostavraetos.gr\/de\/wp-json\/wp\/v2\/comments?post=3655"}],"version-history":[{"count":6,"href":"https:\/\/syrrakostavraetos.gr\/de\/wp-json\/wp\/v2\/pages\/3655\/revisions"}],"predecessor-version":[{"id":5586,"href":"https:\/\/syrrakostavraetos.gr\/de\/wp-json\/wp\/v2\/pages\/3655\/revisions\/5586"}],"wp:attachment":[{"href":"https:\/\/syrrakostavraetos.gr\/de\/wp-json\/wp\/v2\/media?parent=3655"}],"curies":[{"name":"wp","href":"https:\/\/api.w.org\/{rel}","templated":true}]}}