{"id":3658,"date":"2017-10-31T17:37:57","date_gmt":"2017-10-31T17:37:57","guid":{"rendered":"https:\/\/syrrakostavraetos.gr\/?page_id=3658"},"modified":"2021-03-21T15:15:53","modified_gmt":"2021-03-21T13:15:53","slug":"activities","status":"publish","type":"page","link":"https:\/\/syrrakostavraetos.gr\/de\/activities\/","title":{"rendered":"Aktivit\u00e4ten"},"content":{"rendered":"<p>[vc_row][vc_column]\n\t<div class=\"thim-sc-heading  \" style = text-align:left; >\n\t\t<div class=\"article_heading \">\n\t\t\t<p class=\"heading_primary\"  >Aktivit\u00e4ten<\/p>\n\t\t\t<h3 style=\"color: #000000;font-size: 26px;\" class=\"heading_secondary\">In Syrrako<\/h3>\n\t\t\t \n\t\t\t\n\t\t<\/div>\n\t<\/div>[vc_empty_space height=&#8221;25px&#8221;][vc_wp_text]<\/p>\n<p style=\"text-align: center;\"><strong>Das bergige Volumen und die wilde Landschaft von Tzoumerka und Peristeri sind ein idealer Ort zum Bergsteigen und Wandern.<br \/>\n<\/strong><strong>Die meisten Wege sind erhalten und in gutem Zustand, viele markiert und kartiert.<\/strong><\/p>\n<p>[\/vc_wp_text][\/vc_column][\/vc_row][vc_row][vc_column][vc_empty_space height=&#8221;25px&#8221;]\n\t<div class=\"thim-sc-heading  \" style = text-align:center; >\n\t\t<div class=\"article_heading \">\n\t\t\t<p class=\"heading_primary\"  >Bergwandern und Bergsteigen<\/p>\n\t\t\t\n\t\t\t \n\t\t\t\n\t\t<\/div>\n\t<\/div>[vc_empty_space height=&#8221;25px&#8221;][vc_wp_text]<\/p>\n<p style=\"text-align: center;\"><strong>W\u00e4hrend Ihres Aufenthalts in der Region Von Syrrako k\u00f6nnen Sie zahlreiche Aktivit\u00e4ten zu genie\u00dfen und der Natur nahe zu sein. Schauen Sie sich einige der sch\u00f6nsten an:<\/strong><\/p>\n<p>[\/vc_wp_text][vc_row_inner css=&#8221;.vc_custom_1554283223292{border-bottom-width: 1px !important;border-bottom-color: #000000 !important;border-bottom-style: solid !important;border-radius: 1px !important;}&#8221;][vc_column_inner width=&#8221;1\/2&#8243;][vc_hoverbox image=&#8221;3874&#8243; primary_title=&#8221;Syrrako &#8211; Chrousia Schlucht &#8211; Kalarrytes&#8221; primary_title_font_container=&#8221;font_size:24|color:%23ffffff&#8221; hover_title=&#8221;Syrrako &#8211; Chrousia Schlucht &#8211; Kalarrytes&#8221; hover_title_font_container=&#8221;font_size:24&#8243; use_custom_fonts_primary_title=&#8221;true&#8221; use_custom_fonts_hover_title=&#8221;true&#8221;]<strong>Schwierigkeitsgrad: niedrig<\/strong><\/p>\n<p><strong>Laufzeit: 1-1,30 Stunden<\/strong><\/p>\n<p><strong>H\u00f6henunterschied: 1.200 m. &#8211; 900 m. &#8211; 1.100 m.<\/strong><\/p>\n<p><strong>Eine faszinierende Reise durch die Schlucht von Chrousia bis nach Kalarrytes. Der Kommunikationsweg zwischen den beiden historischen St\u00e4dten bis zum Ende des letzten Jahrhunderts war jahrelang ein \u00dcbergang von der T\u00fcrken zu den Griechen (Syrrako wurde sp\u00e4ter von den Kalarrytes befreit) und wurde von einem t\u00fcrkischen Au\u00dfenposten bewacht.<\/strong>[\/vc_hoverbox][vc_empty_space][\/vc_column_inner][vc_column_inner width=&#8221;1\/2&#8243;][vc_hoverbox image=&#8221;4425&#8243; primary_title=&#8221;Agios Georgios in Syrrako &#8211; Patzas Wald &#8211; Kouiasas Br\u00fccke &#8211; Kalarrytes&#8221; primary_title_font_container=&#8221;font_size:24|color:%23ffffff&#8221; hover_title=&#8221;Agios Georgios in Syrrako &#8211; Patzas Wald &#8211; Kouiasas Br\u00fccke &#8211; Kalarrytes&#8221; hover_title_font_container=&#8221;font_size:24&#8243; use_custom_fonts_primary_title=&#8221;true&#8221; use_custom_fonts_hover_title=&#8221;true&#8221;]<strong>Schwierigkeitsgrad: niedrig<\/strong><\/p>\n<p><strong>Laufzeit: 1.30 Stunden<\/strong><\/p>\n<p><strong>H\u00f6henunterschied: 1.200 m. &#8211; 800 m.<\/strong><\/p>\n<p><strong>Sch\u00f6ner Weg durch den Wald von Patzas, wo sich auch ein Observatorium der Flora und Fauna befindet. \u00dcberqueren Sie die Kouiasas -Br\u00fccke und steigen Sie nach Kalarrytes auf.<\/strong>[\/vc_hoverbox][vc_empty_space][\/vc_column_inner][\/vc_row_inner][vc_row_inner css=&#8221;.vc_custom_1554283223292{border-bottom-width: 1px !important;border-bottom-color: #000000 !important;border-bottom-style: solid !important;border-radius: 1px !important;}&#8221;][vc_column_inner width=&#8221;1\/2&#8243;][vc_hoverbox image=&#8221;3877&#8243; primary_title=&#8221;Matsouki &#8211; Kloster Viliza &#8211; Kalarrytes&#8221; primary_title_font_container=&#8221;font_size:24|color:%23ffffff&#8221; hover_title=&#8221;Matsouki &#8211; Kloster Viliza &#8211; Kalarrytes&#8221; hover_title_font_container=&#8221;font_size:24&#8243; use_custom_fonts_primary_title=&#8221;true&#8221; use_custom_fonts_hover_title=&#8221;true&#8221;]<strong>Schwierigkeitsgrad: m\u00e4\u00dfig<\/strong><\/p>\n<p><strong>Laufzeit: 3 Stunden<\/strong><\/p>\n<p><strong>H\u00f6hengraduierung: 1.000m-750m-1.100m.<\/strong><\/p>\n<p><strong>Gr\u00f6\u00dfere Route als zuvor, ideal f\u00fcr erfahrene Kletterer. Es kann mit einem Besuch in den zwei Kl\u00f6stern der Region, Viliza und Kipina, kombiniert werden<\/strong>[\/vc_hoverbox][vc_empty_space][\/vc_column_inner][vc_column_inner width=&#8221;1\/2&#8243;][vc_hoverbox image=&#8221;4439&#8243; primary_title=&#8221;Syrrako &#8211; Quelle \u201cSterpa\u201d &#8211; Kapelle der Heiligen Apostel&#8221; primary_title_font_container=&#8221;font_size:24|color:%23ffffff&#8221; hover_title=&#8221;Syrrako &#8211; Quelle \u201cSterpa\u201d &#8211; Kapelle der Heiligen Apostel&#8221; hover_title_font_container=&#8221;font_size:24&#8243; use_custom_fonts_primary_title=&#8221;true&#8221; use_custom_fonts_hover_title=&#8221;true&#8221;]<strong>Schwierigkeitsgrad: niedrig<\/strong><\/p>\n<p><strong>Laufzeit: 2,30-3 Stunden<\/strong><\/p>\n<p><strong>H\u00f6hengraduierung: 1.200 m bis 1520 m.<\/strong><\/p>\n<p><strong>Die absolut bergige Route, die vom Dorf ausgeht und in der Kapelle der Heiligen Apostel endet, wo das Schauspiel faszinierend ist und den Pamvotis-See und die Stadt von Ioannina \u00fcberblickt.<\/strong>[\/vc_hoverbox][vc_empty_space][\/vc_column_inner][\/vc_row_inner][\/vc_column][\/vc_row][vc_row][vc_column][vc_empty_space height=&#8221;25px&#8221;]\n\t<div class=\"thim-sc-heading  \" style = text-align:center; >\n\t\t<div class=\"article_heading \">\n\t\t\t<p class=\"heading_primary\"  >Rafting - Canyoning - Kajak<\/p>\n\t\t\t\n\t\t\t \n\t\t\t\n\t\t<\/div>\n\t<\/div>[vc_empty_space height=&#8221;25px&#8221;][vc_wp_text]<\/p>\n<p style=\"text-align: center;\"><strong>Arachthos und Kalarrytikos sind ideale Fl\u00fcsse zum Kajakfahren und Rafting mit Routen mit hohem Schwierigkeitsgrad durch unzug\u00e4ngliche Schluchten und geschnitzte Felsen, wo das Spektakel Sie buchst\u00e4blich sprachlos machen wird. Die Gegend zeichnet sich durch Spezialisten aus, die zu den besten in Griechenland f\u00fcr Canyoning z\u00e4hlen. Unsere spezialisierten Partner werden Sie dazu bringen, unvergessliche Momente mit Adrenalin zu erleben, das seine H\u00f6he erreicht.<\/strong><\/p>\n<p>[\/vc_wp_text][vc_row_inner css=&#8221;.vc_custom_1554283223292{border-bottom-width: 1px !important;border-bottom-color: #000000 !important;border-bottom-style: solid !important;border-radius: 1px !important;}&#8221;][vc_column_inner width=&#8221;1\/2&#8243;][vc_hoverbox image=&#8221;3897&#8243; primary_title=&#8221;Rafting von der Politsa-Br\u00fccke zur Plaka-Br\u00fccke&#8221; primary_title_font_container=&#8221;font_size:24|color:%23ffffff&#8221; hover_title=&#8221;Rafting von der Politsa-Br\u00fccke zur Plaka-Br\u00fccke&#8221; hover_title_font_container=&#8221;font_size:24&#8243; use_custom_fonts_primary_title=&#8221;true&#8221; use_custom_fonts_hover_title=&#8221;true&#8221;]<strong>Die Route ist schwer III und dauert 2 Stunden.<\/strong><\/p>\n<p><strong>Die Route vereint wilde Landschaften, viele Quellen und Wasserf\u00e4lle sowie die wundersch\u00f6ne Arachthos-Schlucht! Kinder ab 12 Jahren k\u00f6nnen an dieser Strecke teilnehmen. Die gesamte Ausr\u00fcstung f\u00fcr die Aktivit\u00e4t wird von unseren spezialisierten Partnern bereitgestellt (Uniformen, Schuhe, Wasserdicht, Schwimmwesten, Helme usw.).<\/strong>[\/vc_hoverbox][vc_empty_space][\/vc_column_inner][vc_column_inner width=&#8221;1\/2&#8243;][vc_hoverbox image=&#8221;4448&#8243; primary_title=&#8221;Canyoning Schlucht Stavraetos oder Bozia&#8221; primary_title_font_container=&#8221;font_size:24|color:%23ffffff&#8221; hover_title=&#8221;Canyoning Schlucht Stavraetos oder Bozia&#8221; hover_title_font_container=&#8221;font_size:24&#8243; use_custom_fonts_primary_title=&#8221;true&#8221; use_custom_fonts_hover_title=&#8221;true&#8221;]<strong>Schwierigkeitsgrad Es gibt zwei M\u00f6glichkeiten: Stufe 2 oder Stufe 3<br \/>\n<\/strong><strong>Canyon Downhill Dauer 4 Stunden, Wandern 1 Stunde.<br \/>\n<\/strong><strong>Die Stavraetos- oder Bozia-Schlucht befindet sich direkt unterhalb des Dorfes Syrrako. Der Weg beginnt sanft ohne Schwierigkeiten mit kleinen 7-12 m Wasserf\u00e4llen und Gehabst\u00e4nden. An der Stelle, an der die Schlucht die Schlucht Chrousias durchschneidet, wird ein 48 Meter hoher Wasserfall angelegt, der dann mit weiteren 4 hohen Wasserf\u00e4llen 8-18 Meter mit eindrucksvollen abfallenden Felsen und tiefen Seen fortgesetzt wird.<\/strong>[\/vc_hoverbox][vc_empty_space][\/vc_column_inner][\/vc_row_inner][vc_row_inner css=&#8221;.vc_custom_1554283223292{border-bottom-width: 1px !important;border-bottom-color: #000000 !important;border-bottom-style: solid !important;border-radius: 1px !important;}&#8221;][vc_column_inner width=&#8221;1\/2&#8243;][vc_hoverbox image=&#8221;4452&#8243; primary_title=&#8221;Canyoning Paradies Tor&#8221; primary_title_font_container=&#8221;font_size:24|color:%23ffffff&#8221; hover_title=&#8221;Canyoning Paradies Tor&#8221; hover_title_font_container=&#8221;font_size:24&#8243; use_custom_fonts_primary_title=&#8221;true&#8221; use_custom_fonts_hover_title=&#8221;true&#8221;]<strong>Schwierigkeitsgrad: Stufe 3<\/strong><\/p>\n<p><strong>Canyon Downhill Dauer 4 Stunden, Wandern 1 Stunde.<\/strong><\/p>\n<p><strong>Das Paradies-Tor ist eine der besten Schluchten in Griechenland.<\/strong><\/p>\n<p><strong>Die Route geht weiter mit Flusswandern im Kalaritikos Fluss. Die Kombination aus reichhaltigem Wasser und imposanten Gebirgsregionen pr\u00e4gt die \u00c4sthetik der Landschaft der Region mit besonderem Interesse.<\/strong>[\/vc_hoverbox][vc_empty_space][\/vc_column_inner][vc_column_inner width=&#8221;1\/2&#8243;][vc_hoverbox image=&#8221;4454&#8243; primary_title=&#8221;Kayak in Arachthos Flusse&#8221; primary_title_font_container=&#8221;font_size:24|color:%23ffffff&#8221; hover_title=&#8221;Kayak in Arachthos Flusse&#8221; hover_title_font_container=&#8221;font_size:24&#8243; use_custom_fonts_primary_title=&#8221;true&#8221; use_custom_fonts_hover_title=&#8221;true&#8221;]<strong>Laufzeit: 2-2.30 Stunden<\/strong><\/p>\n<p><strong>Schwierigkeitsgrad: schwer<\/strong><\/p>\n<p><strong>Das Kayak ist viel vielseitiger als ein Raftingboot, der Fluss bestimmt seinen Lauf, da wir mit unserem Paddel m\u00f6gliche Hindernisse auf unserem Weg vermeiden. Absolut extrem, da Wassergeschwindigkeit und Wellen das Adrenalin auf ein Maximum erh\u00f6hen, erfordert diese \u00e4u\u00dferst angenehme Tour eine sehr gute k\u00f6rperliche Verfassung.<\/strong>[\/vc_hoverbox][vc_empty_space][\/vc_column_inner][\/vc_row_inner][\/vc_column][\/vc_row]<\/p>","protected":false},"excerpt":{"rendered":"<p>[vc_row][vc_column][vc_empty_space height=&#8221;25px&#8221;][vc_wp_text] Das bergige Volumen und die wilde Landschaft von Tzoumerka und Peristeri sind ein idealer Ort zum Bergsteigen und Wandern. Die meisten Wege sind erhalten und in gutem Zustand, viele markiert und kartiert. [\/vc_wp_text][\/vc_column][\/vc_row][vc_row][vc_column][vc_empty_space height=&#8221;25px&#8221;][vc_empty_space height=&#8221;25px&#8221;][vc_wp_text] W\u00e4hrend Ihres Aufenthalts in der Region Von Syrrako k\u00f6nnen Sie zahlreiche Aktivit\u00e4ten zu&#8230;<\/p>\n","protected":false},"author":2,"featured_media":0,"parent":0,"menu_order":6,"comment_status":"closed","ping_status":"closed","template":"","meta":{"footnotes":""},"aioseo_notices":[],"_links":{"self":[{"href":"https:\/\/syrrakostavraetos.gr\/de\/wp-json\/wp\/v2\/pages\/3658"}],"collection":[{"href":"https:\/\/syrrakostavraetos.gr\/de\/wp-json\/wp\/v2\/pages"}],"about":[{"href":"https:\/\/syrrakostavraetos.gr\/de\/wp-json\/wp\/v2\/types\/page"}],"author":[{"embeddable":true,"href":"https:\/\/syrrakostavraetos.gr\/de\/wp-json\/wp\/v2\/users\/2"}],"replies":[{"embeddable":true,"href":"https:\/\/syrrakostavraetos.gr\/de\/wp-json\/wp\/v2\/comments?post=3658"}],"version-history":[{"count":4,"href":"https:\/\/syrrakostavraetos.gr\/de\/wp-json\/wp\/v2\/pages\/3658\/revisions"}],"predecessor-version":[{"id":5492,"href":"https:\/\/syrrakostavraetos.gr\/de\/wp-json\/wp\/v2\/pages\/3658\/revisions\/5492"}],"wp:attachment":[{"href":"https:\/\/syrrakostavraetos.gr\/de\/wp-json\/wp\/v2\/media?parent=3658"}],"curies":[{"name":"wp","href":"https:\/\/api.w.org\/{rel}","templated":true}]}}