{"id":3834,"date":"2017-11-01T11:43:59","date_gmt":"2017-11-01T11:43:59","guid":{"rendered":"https:\/\/syrrakostavraetos.gr\/?page_id=3834"},"modified":"2021-03-21T14:53:03","modified_gmt":"2021-03-21T12:53:03","slug":"syrrako-2","status":"publish","type":"page","link":"https:\/\/syrrakostavraetos.gr\/de\/syrrako-2\/","title":{"rendered":"Syrrako"},"content":{"rendered":"<p><\/p>\n<p>[vc_row][vc_column]\n\t<div class=\"thim-sc-heading  \" >\n\t\t<div class=\"article_heading \">\n\t\t\t<p class=\"heading_primary\"  >Sie Syrrako kennen<\/p>\n\t\t\t\n\t\t\t \n\t\t\t\n\t\t<\/div>\n\t<\/div>[\/vc_column][\/vc_row][vc_row css=&#8221;.vc_custom_1554273156042{margin-bottom: 20px !important;}&#8221;][vc_column width=&#8221;2\/3&#8243;][vc_wp_text el_class=&#8221;line-height-normal&#8221;]<\/p>\n<p style=\"text-align: center;\"><strong>Es gibt einige Orte, die mehr als andere an die Geschichte gebunden zu sein scheinen, als ob die Passage mehr Spuren des Gesichts der Natur und der Seele des Menschen, der Berge und Schluchten, der Fl\u00fcsse und der Lieder hinterlie\u00df.<\/strong><\/p>\n<p style=\"text-align: center;\"><strong>Syrrako ist ein solcher Ort.<\/strong><\/p>\n<p style=\"text-align: center;\"><strong>Auf den imposanten und unzug\u00e4nglichen Bergen, die hohe und steile Gipfel kr\u00f6nen und fast das ganze Jahr \u00fcber Schnee halten, lebte ein Volk von stolzen und freien Menschen, eine Generation von introvertierten und hartverfolgten Menschen, um in diesem verlassenen Teil Europas zu \u00fcberleben als es auf dem Lande gebraucht wurde, aber gleichzeitig Menschen, die sich f\u00fcr ihre N\u00e4he zur Natur interessieren, nomadische Z\u00fcchter, die ihren Platz und ihre Arbeit liebten.<\/strong><\/p>\n<p style=\"text-align: center;\"><strong>Syrrako, auf den Abhang von Peristeri gelegt, perfekt an die Landschaft angepasst und von Steink\u00fcnstlern erbaut, die den Stein mit seiner eigenen Leidenschaft und ihrem Geburtstagsschicksal mit viel Material und dem Ort bearbeiteten.<\/strong><\/p>\n<p style=\"text-align: center;\"><strong>Indem Sie es von St. George hervorheben, ruft er so schnell wie m\u00f6glich an, um zu beten, um die gew\u00f6lbten Br\u00fccken zu gehen, die imposant am Dorfeingang stehen, vor denen Sie scheinen und wollen die H\u00fcgel der D\u00e4cher, die es bedecken, aber auch, um Sie besser f\u00fcr das zu dienen, was Sie im Dorf treffen werden.<\/strong><\/p>\n<p style=\"text-align: center;\"><strong>Sie werden durch die steinernen Kopfsteinpflasterstra\u00dfen spazieren gehen, wo alle Vorfahren der Syrrako, Kaufleute, Z\u00fcchter und Auszubildende, die jeweils dazu beigetragen haben, vom zentralen Tor des Osmanischen Reiches, der einstigen historischen Stadt Epirus, besondere Privilegien zu erhalten, 3000 hatten Einwohner, die zu Beginn des Jahrhunderts ausl\u00e4ndische Reisende bewunderten (Leake, Pukeville), fanden hier eine gro\u00dfe Bibliothek und eine ausl\u00e4ndische Presse, die Giannena \u00e4hnelt.<\/strong><\/p>\n<p>[\/vc_wp_text][\/vc_column][vc_column width=&#8221;1\/3&#8243;][vc_single_image image=&#8221;4660&#8243; img_size=&#8221;full&#8221; alignment=&#8221;center&#8221;][\/vc_column][\/vc_row][vc_row css=&#8221;.vc_custom_1554273411595{border-bottom-width: 1px !important;border-bottom-color: #000000 !important;border-bottom-style: solid !important;border-radius: 1px !important;}&#8221;][vc_column width=&#8221;1\/3&#8243;][vc_empty_space][vc_single_image image=&#8221;5038&#8243; img_size=&#8221;full&#8221; alignment=&#8221;center&#8221;][\/vc_column][vc_column width=&#8221;2\/3&#8243;][vc_wp_text el_class=&#8221;line-height-normal&#8221;]<\/p>\n<p style=\"text-align: center;\"><strong>Wenn Sie sich dem Zentrum des Dorfes n\u00e4hern, haben Sie Zeit, die seltene Architektur der Siedlung zu bewundern und zu \u00fcberlegen, wer sich an diesem Ort zuerst niedergelassen hat und wie viele Generationen sich &#8220;eingepackt&#8221; haben und das Wunderliche bewahrt haben, um diese Errungenschaft zu schaffen. Kopfsteinpflasterh\u00e4user mit sch\u00f6nen Innenh\u00f6fen und Ruhe rundherum, also m\u00f6chten Sie im Fl\u00fcsterton sprechen, damit Sie nicht die Natur wiegen, die tief zu schlafen scheint.<\/strong><\/p>\n<p style=\"text-align: center;\"><strong>Und dort auf dem zentralen Platz erfahren Sie unter der Aufsicht der alten Platanen die Geschichte aller Menschen, die das Gl\u00fcck hatten, sich selbst unter ihrer schattigen Vegetation zu finden, selbst wenn sie sich str\u00f6mten. Hier l\u00e4sst die Seele die Fu\u00dfg\u00e4nger und den Alltag hinter sich und die naturalistischen Gedichte von Kostas Krystalis finden ihre wahre Bedeutung. Der Dichter erwartet Sie etwas h\u00f6her direkt vor seinem Haus, um Ihnen zu sagen: &#8220;Bring mich in die Berge, was die Ebenen mich fressen werden&#8221;.<\/strong><\/p>\n<p style=\"text-align: center;\"><strong>Neben dem Garten der gro\u00dfen \u00a0M\u00e4nner aus Syrrako werden Kolettis und Zalokostas und andere f\u00fchrende Pers\u00f6nlichkeiten von Syrrako, die sich im heroischen Garten versammelt und Tzoumerka anblicken, Sie begr\u00fc\u00dfen und Ihnen die gesamte Dorfgeschichte erz\u00e4hlen. Sie m\u00f6chten stillen und zuh\u00f6ren die Magie der Landschaft sind traditionelle Steinh\u00e4hne mit viel flie\u00dfendem Wasser.<\/strong><\/p>\n<p style=\"text-align: center;\"><strong>Die Folkloremuseen zeigen Ihnen die gesamte Ausr\u00fcstung einer verlorenen Zeitaletr, einer Zeit, die das Leben der Bewohner von Syrrako beschert hat, ein &#8220;naiv \u00a0Leben mit \u00fcberm\u00e4\u00dfige Freude&#8221;.<\/strong><\/p>\n<p style=\"text-align: center;\"><strong>Und wo immer Sie sich in der Siedlung befinden, haben Sie Zeit, die Kirchen zu besichtigen, die in Syrrako mit der unvergleichlichen Ikonenwand und dem unglaublichen Epitaph beherrschen, um die Heiligen zu loben, die Sie gebeten haben, diesen Ort zu besuchen , in dem hoffnungslosen Teil irgendwann immer und immer wieder zu kommen&#8230;<\/strong><\/p>\n<p style=\"text-align: center;\"><strong>SYRRAKO: Hier l\u00e4sst die Seele die Fu\u00dfg\u00e4nger und die Alltags- und Naturalistengedichte von Costas Krystalis hinter sich und sie finden ihre wahre Bedeutung.<\/strong><\/p>\n<p>[\/vc_wp_text][\/vc_column][\/vc_row][vc_row css=&#8221;.vc_custom_1616331106218{margin-right: -15px !important;margin-left: -15px !important;}&#8221;][vc_column]\n\t<div class=\"thim-sc-heading  \" >\n\t\t<div class=\"article_heading \">\n\t\t\t<p class=\"heading_primary\"  >Fotogalerie<\/p>\n\t\t\t\n\t\t\t \n\t\t\t\n\t\t<\/div>\n\t<\/div>[vc_empty_space][vc_images_carousel images=&#8221;5034,3812,3811,3818,3806,3815,3810,3814,3813,3809,3805,3804,3807&#8243; img_size=&#8221;full&#8221; onclick=&#8221;link_no&#8221; speed=&#8221;3000&#8243; slides_per_view=&#8221;2&#8243; autoplay=&#8221;yes&#8221; hide_pagination_control=&#8221;yes&#8221; wrap=&#8221;yes&#8221; css_animation=&#8221;appear&#8221;][\/vc_column][\/vc_row][vc_row css=&#8221;.vc_custom_1554274518650{padding-top: 60px !important;}&#8221;][vc_column]\n\t<div class=\"thim-sc-heading  \" >\n\t\t<div class=\"article_heading \">\n\t\t\t<p class=\"heading_primary\"  >Warum w\u00e4hlen Sie<\/p>\n\t\t\t<h3 style=\"color: #000000;font-size: 26px;\" class=\"heading_secondary\">Syrrako<\/h3>\n\t\t\t \n\t\t\t\n\t\t<\/div>\n\t<\/div>[vc_empty_space height=&#8221;15px&#8221;][vc_row_inner][vc_column_inner width=&#8221;1\/3&#8243;][vc_column_text]<\/p>\n<ul class=\"thim-list\" style=\"font-size: 14px; line-height: 14px; font-weight: 400;\">\n<li><strong><i class=\"fa fa-check thim-primary-color\"><\/i>Rafting<\/strong><\/li>\n<li><strong><i class=\"fa fa-check thim-primary-color\"><\/i>Canyoning<\/strong><\/li>\n<li><strong><i class=\"fa fa-check thim-primary-color\"><\/i>\u03a0\u0395\u0396\u039f\u03a0\u039f\u03a1\u0399\u0391<\/strong><\/li>\n<\/ul>\n<p>[\/vc_column_text][vc_btn title=&#8221;Ausf\u00fchrliche Informationen&#8221; color=&#8221;chino&#8221; link=&#8221;url:https%3A%2F%2Fsyrrakostavraetos.gr%2F%3Fpage_id%3D3658|||&#8221;][\/vc_column_inner][vc_column_inner width=&#8221;1\/3&#8243;][vc_column_text]<\/p>\n<ul class=\"thim-list\" style=\"font-size: 14px; line-height: 14px; font-weight: 400;\">\n<li><strong><i class=\"fa fa-check thim-primary-color\"><\/i>\u03a4\u0391 \u039c\u039f\u03a5\u03a3\u0395\u0399\u0391 \u03a4\u039f\u03a5 \u03a3\u03a5\u03a1\u03a1\u0391\u039a\u039f\u03a5<\/strong><\/li>\n<li><strong><i class=\"fa fa-check thim-primary-color\"><\/i>Die Kirchen von Syrrako<\/strong><\/li>\n<li><strong><i class=\"fa fa-check thim-primary-color\"><\/i>Kloster Kipina<\/strong><\/li>\n<\/ul>\n<p>[\/vc_column_text][vc_btn title=&#8221;Ausf\u00fchrliche Informationen&#8221; color=&#8221;chino&#8221; link=&#8221;url:https%3A%2F%2Fsyrrakostavraetos.gr%2F%3Fpage_id%3D3662|||&#8221;][\/vc_column_inner][vc_column_inner width=&#8221;1\/3&#8243;][vc_column_text]<\/p>\n<ul class=\"thim-list\" style=\"font-size: 14px; line-height: 14px; font-weight: 400;\">\n<li><strong><i class=\"fa fa-check thim-primary-color\"><\/i>Kloster Viliza<\/strong><\/li>\n<li><strong><i class=\"fa fa-check thim-primary-color\"><\/i>H\u00f6hle der Anemoprypas<\/strong><\/li>\n<li><strong><i class=\"fa fa-check thim-primary-color\"><\/i>Br\u00fccke von Plaka<\/strong><\/li>\n<\/ul>\n<p>[\/vc_column_text][vc_btn title=&#8221;Ausf\u00fchrliche Informationen&#8221; color=&#8221;chino&#8221; link=&#8221;url:https%3A%2F%2Fsyrrakostavraetos.gr%2F%3Fpage_id%3D3662|||&#8221;][\/vc_column_inner][\/vc_row_inner][vc_row_inner css=&#8221;.vc_custom_1554275242542{margin-bottom: 65px !important;padding-top: 15px !important;}&#8221;][vc_column_inner width=&#8221;1\/3&#8243;][vc_empty_space][vc_single_image image=&#8221;3813&#8243; img_size=&#8221;370&#215;300&#8243; alignment=&#8221;center&#8221;][\/vc_column_inner][vc_column_inner width=&#8221;1\/3&#8243;][vc_empty_space][vc_single_image image=&#8221;3811&#8243; img_size=&#8221;370&#215;300&#8243; alignment=&#8221;center&#8221;][\/vc_column_inner][vc_column_inner width=&#8221;1\/3&#8243;][vc_empty_space][vc_single_image image=&#8221;3810&#8243; img_size=&#8221;370&#215;300&#8243; alignment=&#8221;center&#8221;][\/vc_column_inner][\/vc_row_inner][\/vc_column][\/vc_row]<\/p>\n<p><\/p>","protected":false},"excerpt":{"rendered":"<p>[vc_row][vc_column][\/vc_column][\/vc_row][vc_row css=&#8221;.vc_custom_1554273156042{margin-bottom: 20px !important;}&#8221;][vc_column width=&#8221;2\/3&#8243;][vc_wp_text el_class=&#8221;line-height-normal&#8221;] Es gibt einige Orte, die mehr als andere an die Geschichte gebunden zu sein scheinen, als ob die Passage mehr Spuren des Gesichts der Natur und der Seele des Menschen, der Berge und Schluchten, der Fl\u00fcsse und der Lieder hinterlie\u00df. Syrrako ist ein solcher&#8230;<\/p>\n","protected":false},"author":2,"featured_media":0,"parent":0,"menu_order":8,"comment_status":"closed","ping_status":"closed","template":"","meta":{"footnotes":""},"aioseo_notices":[],"_links":{"self":[{"href":"https:\/\/syrrakostavraetos.gr\/de\/wp-json\/wp\/v2\/pages\/3834"}],"collection":[{"href":"https:\/\/syrrakostavraetos.gr\/de\/wp-json\/wp\/v2\/pages"}],"about":[{"href":"https:\/\/syrrakostavraetos.gr\/de\/wp-json\/wp\/v2\/types\/page"}],"author":[{"embeddable":true,"href":"https:\/\/syrrakostavraetos.gr\/de\/wp-json\/wp\/v2\/users\/2"}],"replies":[{"embeddable":true,"href":"https:\/\/syrrakostavraetos.gr\/de\/wp-json\/wp\/v2\/comments?post=3834"}],"version-history":[{"count":9,"href":"https:\/\/syrrakostavraetos.gr\/de\/wp-json\/wp\/v2\/pages\/3834\/revisions"}],"predecessor-version":[{"id":5487,"href":"https:\/\/syrrakostavraetos.gr\/de\/wp-json\/wp\/v2\/pages\/3834\/revisions\/5487"}],"wp:attachment":[{"href":"https:\/\/syrrakostavraetos.gr\/de\/wp-json\/wp\/v2\/media?parent=3834"}],"curies":[{"name":"wp","href":"https:\/\/api.w.org\/{rel}","templated":true}]}}