{"id":41,"date":"2016-09-28T11:17:20","date_gmt":"2016-09-28T11:17:20","guid":{"rendered":"http:\/\/hotelwp.thimpress.com\/hotelwp-2\/?page_id=41"},"modified":"2021-03-23T19:32:16","modified_gmt":"2021-03-23T17:32:16","slug":"hotel-2","status":"publish","type":"page","link":"https:\/\/syrrakostavraetos.gr\/de\/hotel-2\/","title":{"rendered":"Hotel"},"content":{"rendered":"<p>[vc_row][vc_column]\n\t<div class=\"thim-sc-heading  \" >\n\t\t<div class=\"article_heading \">\n\t\t\t<p class=\"heading_primary\"  >Herzlich Willkommen<\/p>\n\t\t\t<h3 style=\"color: #000000;font-size: 26px;\" class=\"heading_secondary\">Hotel Stavraetos<\/h3>\n\t\t\t \n\t\t\t\n\t\t<\/div>\n\t<\/div>[\/vc_column][\/vc_row][vc_row css=&#8221;.vc_custom_1554201194565{margin-bottom: 20px !important;border-bottom-width: 1px !important;border-bottom-color: #000000 !important;border-bottom-style: solid !important;border-radius: 1px !important;}&#8221;][vc_column width=&#8221;2\/3&#8243;][vc_wp_text el_class=&#8221;line-height-normal&#8221;]<\/p>\n<p style=\"text-align: center;\"><strong>Hier bei Syrrako finden Sie das traditionelle G\u00e4stehaus &#8220;Stavraetos&#8221; f\u00fcr Ihren Aufenthalt. Es verf\u00fcgt \u00fcber 8 Zimmer und steht in der Mitte der Siedlung neben dem Gouras-Brunnen, direkt \u00fcber dem zentralen Platz mit den jahrhundertealten Platanen. Es ist ein zweist\u00f6ckiges Haus aus Stein, das die Familie Vaitsi renoviert und in ein G\u00e4stehaus verwandelt hat. Das Hostel wurde vom GNTO gepr\u00e4gt\u00a0 als traditionelle Unterkunft und arbeitet ab September 2012.<\/strong><\/p>\n<p style=\"text-align: center;\"><strong>Die aufwendigen Holzdecken, die handgefertigten Bronzelampen, der fantastische Blick auf den Tzoumerka f\u00fcgen sich harmonisch in die ausgezeichnete Qualit\u00e4t der geschnitzten M\u00f6bel und den eindrucksvollen Farbwechsel der Zimmer ein. Die Familie Vaitsis hatte das Ziel, die traditionellen\u00a0 Anforderungen von Syrrako mit Komfort und Luxus zu kombinieren, um eine der besten Unterk\u00fcnfte in Tzoumerka zu schaffen.<\/strong><\/p>\n<p style=\"text-align: center;\"><strong>Seit September 2017 hat das Unternehmen eine weitere Villa, die seit Jahrzehnten die &#8220;Bildungsinternat&#8221; von Syrrako ist, renoviert. So wurden 4 weitere R\u00e4ume zum Potenzial von &#8220;Stavraetos&#8221; hinzugef\u00fcgt, die den Besuchern Komfort und W\u00e4rme bieten und die modernen Bed\u00fcrfnisse und traditionellen Elemente des Ortes kombinieren.<\/strong><\/p>\n<p style=\"text-align: center;\"><strong>Im Erdgeschoss befindet sich das gleichnamige traditionelle Tavernenrestaurant, in dem Sie die gastronomischen Gen\u00fcsse der Gegend mit reinen Zutaten aus der Region probieren k\u00f6nnen, die mit besonderer Sorgfalt zubereitet werden.<\/strong><\/p>\n<p style=\"text-align: center;\"><strong>Die Vertrautheit mit den Eigent\u00fcmern, der sehr geschmackvolle Raum, die famili\u00e4re Umgebung und die Herzlichkeit geben dem Besucher das Gef\u00fchl eines Ortes, der nicht als Hotel betrachtet werden kann, sondern als ein Zuhause, das den Aufenthalt in Syrrako &amp; Tzoumerka unvergesslich machen wird.<\/strong><\/p>\n<p>[\/vc_wp_text][\/vc_column][vc_column width=&#8221;1\/3&#8243;][vc_empty_space height=&#8221;50px&#8221;][vc_single_image image=&#8221;3888&#8243; img_size=&#8221;full&#8221; alignment=&#8221;center&#8221;][\/vc_column][\/vc_row][vc_row css=&#8221;.vc_custom_1554201438101{border-bottom-width: 1px !important;border-bottom-color: #000000 !important;border-bottom-style: solid !important;border-radius: 1px !important;}&#8221;][vc_column width=&#8221;1\/3&#8243;][vc_single_image image=&#8221;4847&#8243; img_size=&#8221;full&#8221; alignment=&#8221;center&#8221;][\/vc_column][vc_column width=&#8221;2\/3&#8243;][vc_wp_text el_class=&#8221;line-height-normal&#8221;]<\/p>\n<h3 style=\"text-align: center;\"><strong>Reiches hausgemachtes Fr\u00fchst\u00fcck<\/strong><\/h3>\n<p style=\"text-align: center;\"><strong>Ein gutes Fr\u00fchst\u00fcck ist der beste Anfang f\u00fcr Ihre Ausfl\u00fcge und Touren in den Bergen.<\/strong><\/p>\n<p style=\"text-align: center;\"><strong>Au\u00dferdem, wie die Alten sagen, hier oben, saubere Luft und Berg den Appetit anregen .Der Kombination hausgemachten Feinkost und traditionelle Produkte machen ein perfektes Fr\u00fchst\u00fcck im Restaurant Raum von Stavraetos nimmt.<\/strong><\/p>\n<p style=\"text-align: center;\"><strong>Leckere Krapfen mit Honig, rauchender frumenty, frische lokale Eier, Butter, Joghurt, freskofournismena Kuchen und hausgemachte Marmeladen, Honig und Kuchen sind einige von ihnen.<\/strong><\/p>\n<p style=\"text-align: center;\"><strong>Auch Kaffee aller Art, Tee aus Berge von Syrrako und anderen Getr\u00e4nken.<\/strong><\/p>\n<p style=\"text-align: center;\"><strong>Das Fr\u00fchst\u00fcck ist im Preis inbegriffen.<\/strong><\/p>\n<p>[\/vc_wp_text][vc_row_inner][vc_column_inner width=&#8221;1\/4&#8243;][vc_single_image image=&#8221;5252&#8243;][\/vc_column_inner][vc_column_inner width=&#8221;1\/4&#8243;][vc_single_image image=&#8221;4361&#8243;][\/vc_column_inner][vc_column_inner width=&#8221;1\/4&#8243;][vc_single_image image=&#8221;4841&#8243;][\/vc_column_inner][vc_column_inner width=&#8221;1\/4&#8243;][vc_empty_space height=&#8221;45&#8243;][vc_btn title=&#8221;Zimmer sehen&#8221; color=&#8221;juicy-pink&#8221; align=&#8221;center&#8221; link=&#8221;url:https%3A%2F%2Fsyrrakostavraetos.gr%2Fhotel-rooms%2F|title:%5B%3Ael%5D%CE%94%CF%89%CE%BC%CE%AC%CF%84%CE%B9%CE%B1%20%5B%3Aen%5DHotel%20Rooms%5B%3Ade%5DHotelzimmer%5B%3A%5D|target:_blank&#8221;][\/vc_column_inner][\/vc_row_inner][\/vc_column][\/vc_row][vc_row css=&#8221;.vc_custom_1554209910895{border-bottom-width: 1px !important;border-bottom-color: #000000 !important;border-bottom-style: solid !important;border-radius: 1px !important;}&#8221;][vc_column]\n\t<div class=\"thim-sc-heading  \" >\n\t\t<div class=\"article_heading \">\n\t\t\t<p class=\"heading_primary\"  >\u0393\u03ba\u03b1\u03bb\u03b5\u03c1\u03af \u03c6\u03c9\u03c4\u03bf\u03b3\u03c1\u03b1\u03c6\u03b9\u03ce\u03bd (\u0393\u0395\u03a1\u039c\u0391\u039d\u0399\u039a\u0391)<\/p>\n\t\t\t\n\t\t\t \n\t\t\t\n\t\t<\/div>\n\t<\/div>[vc_empty_space][vc_images_carousel images=&#8221;3791,3790,3789,3787,3786,3785,3784,3783,3782,3781,3780,3779,3778,3777,3776&#8243; img_size=&#8221;full&#8221; onclick=&#8221;link_no&#8221; speed=&#8221;3000&#8243; slides_per_view=&#8221;2&#8243; autoplay=&#8221;yes&#8221; hide_pagination_control=&#8221;yes&#8221; wrap=&#8221;yes&#8221; css_animation=&#8221;appear&#8221;][\/vc_column][\/vc_row][vc_row css=&#8221;.vc_custom_1554210548475{border-bottom-width: 1px !important;border-bottom-color: #000000 !important;border-bottom-style: solid !important;border-radius: 1px !important;}&#8221;][vc_column]\n\t<div class=\"thim-sc-heading  \" >\n\t\t<div class=\"article_heading \">\n\t\t\t<p class=\"heading_primary\"  >Warum w\u00e4hlen Sie<\/p>\n\t\t\t<h3 style=\"color: #000000;font-size: 26px;\" class=\"heading_secondary\">\u201cStavraetos\u201d<\/h3>\n\t\t\t \n\t\t\t\n\t\t<\/div>\n\t<\/div>[vc_empty_space][vc_row_inner][vc_column_inner width=&#8221;1\/3&#8243;][vc_column_text]<\/p>\n<ul class=\"thim-list\" style=\"font-size: 14px; line-height: 14px; font-weight: 400;\">\n<li><strong><i class=\"fa fa-check thim-primary-color\"><\/i>Einzigartige Zimmer<\/strong><\/li>\n<li><strong><i class=\"fa fa-check thim-primary-color\"><\/i>K\u00f6stliches hausgemachtes Fr\u00fchst\u00fcck<\/strong><\/li>\n<li><strong><i class=\"fa fa-check thim-primary-color\"><\/i>Individuelle Heizung, Bad<\/strong><\/li>\n<\/ul>\n<p>[\/vc_column_text][\/vc_column_inner][vc_column_inner width=&#8221;1\/3&#8243;][vc_column_text]<\/p>\n<ul class=\"thim-list\" style=\"font-size: 14px; line-height: 14px; font-weight: 400;\">\n<li><strong><i class=\"fa fa-check thim-primary-color\"><\/i>Traditionelles Restaurant<\/strong><\/li>\n<li><strong><i class=\"fa fa-check thim-primary-color\"><\/i>Bibliothek<\/strong><\/li>\n<li><strong><i class=\"fa fa-check thim-primary-color\"><\/i>3G 4G Cosmote, Vodafone-Wifi<\/strong><\/li>\n<\/ul>\n<p>[\/vc_column_text][\/vc_column_inner][vc_column_inner width=&#8221;1\/3&#8243;][vc_column_text]<\/p>\n<ul class=\"thim-list\" style=\"font-size: 14px; line-height: 14px; font-weight: 400;\">\n<li><strong><i class=\"fa fa-check thim-primary-color\"><\/i>TV<\/strong><\/li>\n<li><strong><i class=\"fa fa-check thim-primary-color\"><\/i>Nova &#8211; Ote Tv<\/strong><\/li>\n<li><strong><i class=\"fa fa-check thim-primary-color\"><\/i>DVD<\/strong><\/li>\n<\/ul>\n<p>[\/vc_column_text][\/vc_column_inner][\/vc_row_inner][\/vc_column][\/vc_row][vc_row][vc_column][vc_empty_space height=&#8221;45px&#8221;][vc_row_inner][vc_column_inner width=&#8221;1\/3&#8243;][vc_single_image image=&#8221;3857&#8243; img_size=&#8221;370&#215;300&#8243; alignment=&#8221;center&#8221;][\/vc_column_inner][vc_column_inner width=&#8221;1\/3&#8243;][vc_single_image image=&#8221;3776&#8243; img_size=&#8221;370&#215;300&#8243; alignment=&#8221;center&#8221;][\/vc_column_inner][vc_column_inner width=&#8221;1\/3&#8243;][vc_single_image image=&#8221;3784&#8243; img_size=&#8221;370&#215;300&#8243; alignment=&#8221;center&#8221;][\/vc_column_inner][\/vc_row_inner][\/vc_column][\/vc_row]<\/p>","protected":false},"excerpt":{"rendered":"<p>[vc_row][vc_column][\/vc_column][\/vc_row][vc_row css=&#8221;.vc_custom_1554201194565{margin-bottom: 20px !important;border-bottom-width: 1px !important;border-bottom-color: #000000 !important;border-bottom-style: solid !important;border-radius: 1px !important;}&#8221;][vc_column width=&#8221;2\/3&#8243;][vc_wp_text el_class=&#8221;line-height-normal&#8221;] Hier bei Syrrako finden Sie das traditionelle G\u00e4stehaus &#8220;Stavraetos&#8221; f\u00fcr Ihren Aufenthalt. Es verf\u00fcgt \u00fcber 8 Zimmer und steht in der Mitte der Siedlung neben dem Gouras-Brunnen, direkt \u00fcber dem zentralen Platz mit den jahrhundertealten Platanen&#8230;.<\/p>\n","protected":false},"author":2,"featured_media":0,"parent":0,"menu_order":25,"comment_status":"closed","ping_status":"closed","template":"","meta":{"footnotes":""},"aioseo_notices":[],"_links":{"self":[{"href":"https:\/\/syrrakostavraetos.gr\/de\/wp-json\/wp\/v2\/pages\/41"}],"collection":[{"href":"https:\/\/syrrakostavraetos.gr\/de\/wp-json\/wp\/v2\/pages"}],"about":[{"href":"https:\/\/syrrakostavraetos.gr\/de\/wp-json\/wp\/v2\/types\/page"}],"author":[{"embeddable":true,"href":"https:\/\/syrrakostavraetos.gr\/de\/wp-json\/wp\/v2\/users\/2"}],"replies":[{"embeddable":true,"href":"https:\/\/syrrakostavraetos.gr\/de\/wp-json\/wp\/v2\/comments?post=41"}],"version-history":[{"count":46,"href":"https:\/\/syrrakostavraetos.gr\/de\/wp-json\/wp\/v2\/pages\/41\/revisions"}],"predecessor-version":[{"id":5582,"href":"https:\/\/syrrakostavraetos.gr\/de\/wp-json\/wp\/v2\/pages\/41\/revisions\/5582"}],"wp:attachment":[{"href":"https:\/\/syrrakostavraetos.gr\/de\/wp-json\/wp\/v2\/media?parent=41"}],"curies":[{"name":"wp","href":"https:\/\/api.w.org\/{rel}","templated":true}]}}