{"id":5402,"date":"2021-03-20T17:28:54","date_gmt":"2021-03-20T15:28:54","guid":{"rendered":"https:\/\/syrrakostavraetos.gr\/?page_id=5402"},"modified":"2021-03-21T15:26:30","modified_gmt":"2021-03-21T13:26:30","slug":"room-a2","status":"publish","type":"page","link":"https:\/\/syrrakostavraetos.gr\/de\/room-a2\/","title":{"rendered":"A2 Blick auf das Tzoumerka-Gebirge &#8211; (Nimfi)"},"content":{"rendered":"<p>[vc_row][vc_column width=&#8221;2\/3&#8243;]\n\t<div class=\"thim-sc-heading  \" >\n\t\t<div class=\"article_heading \">\n\t\t\t<p class=\"heading_primary\"  >Zimmer A2 3\/4 Betten<\/p>\n\t\t\t\n\t\t\t \n\t\t\t\n\t\t<\/div>\n\t<\/div>[vc_column_text]<\/p>\n<h3>Ansicht von Tzoumerka &#8211; (Nymphe)<\/h3>\n<h5>Beinhaltet 1 Doppel- und 2 Einzelbetten. Ger\u00e4umiges Zimmer 22 qm mit Blick auf den Hauptplatz und die Bergkette von Tzoumerka.<\/h5>\n<ul>\n<li><strong>Es ist m\u00f6glich, als Triple zu buchen<\/strong><\/li>\n<li><strong>Es ist m\u00f6glich, als Doppelzimmer zu buchen<\/strong><\/li>\n<\/ul>\n<p>[\/vc_column_text][\/vc_column][vc_column width=&#8221;1\/3&#8243;]\n\t<div class=\"thim-sc-heading  \" >\n\t\t<div class=\"article_heading \">\n\t\t\t<p class=\"heading_primary\"  >Reservierungen<\/p>\n\t\t\t\n\t\t\t \n\t\t\t\n\t\t<\/div>\n\t<\/div>[vc_empty_space][vc_column_text]<iframe loading=\"lazy\" style=\"border: none;\" src=\"https:\/\/syrrakostavraetos.reserve-online.net\/\/widgets\/embed\/?lang=de_DE&amp;target=_blank&amp;showproperties&amp;usesingleproperty\" width=\"400\" height=\"140\"><\/iframe>[\/vc_column_text][\/vc_column][\/vc_row][vc_row][vc_column][vc_separator color=&#8221;black&#8221;][vc_row_inner][vc_column_inner width=&#8221;2\/3&#8243;]\n\t<div class=\"thim-sc-heading  \" >\n\t\t<div class=\"article_heading \">\n\t\t\t<p class=\"heading_primary\"  >Das Zimmer<\/p>\n\t\t\t\n\t\t\t \n\t\t\t\n\t\t<\/div>\n\t<\/div>[vc_empty_space][vc_column_text]<\/p>\n<h5>Das Zimmer mit Blick auf Tzoumerka Berge zeichnet sich durch Design und Komfort aus.<\/h5>\n<h5>Der einzigartige und zeitlose Stil vermittelt Ihnen ein Gef\u00fchl f\u00fcr das Dorfleben, das den Klassiker mit dem Modernen verbindet.<\/h5>\n<p>[\/vc_column_text][\/vc_column_inner][vc_column_inner width=&#8221;1\/3&#8243;]\n\t<div class=\"thim-sc-heading  \" >\n\t\t<div class=\"article_heading \">\n\t\t\t<p class=\"heading_primary\"  >Zimmerausstattung<\/p>\n\t\t\t\n\t\t\t \n\t\t\t\n\t\t<\/div>\n\t<\/div>[vc_empty_space][vc_column_text]<\/p>\n<pre>Haartrockner<\/pre>\n<pre>Glasbadezimmerkabine<\/pre>\n<pre>Fernseher<\/pre>\n<pre>W-lan<\/pre>\n<pre>Individuelle Heizung<\/pre>\n<pre>Geteilter K\u00fchlschrank<\/pre>\n<p>[\/vc_column_text][\/vc_column_inner][\/vc_row_inner][\/vc_column][\/vc_row][vc_row][vc_column]\n\t<div class=\"thim-sc-heading  \" >\n\t\t<div class=\"article_heading \">\n\t\t\t<p class=\"heading_primary\"  >Galerie<\/p>\n\t\t\t\n\t\t\t \n\t\t\t\n\t\t<\/div>\n\t<\/div>[vc_empty_space][vc_gallery type=&#8221;image_grid&#8221; images=&#8221;4713,4714,4718&#8243; img_size=&#8221;300&#215;300&#8243; css_animation=&#8221;fadeInLeft&#8221;][\/vc_column][\/vc_row]<\/p>","protected":false},"excerpt":{"rendered":"<p>[vc_row][vc_column width=&#8221;2\/3&#8243;][vc_column_text] Ansicht von Tzoumerka &#8211; (Nymphe) Beinhaltet 1 Doppel- und 2 Einzelbetten. Ger\u00e4umiges Zimmer 22 qm mit Blick auf den Hauptplatz und die Bergkette von Tzoumerka. Es ist m\u00f6glich, als Triple zu buchen Es ist m\u00f6glich, als Doppelzimmer zu buchen [\/vc_column_text][\/vc_column][vc_column width=&#8221;1\/3&#8243;][vc_empty_space][vc_column_text][\/vc_column_text][\/vc_column][\/vc_row][vc_row][vc_column][vc_separator color=&#8221;black&#8221;][vc_row_inner][vc_column_inner width=&#8221;2\/3&#8243;][vc_empty_space][vc_column_text] Das Zimmer mit Blick auf&#8230;<\/p>\n","protected":false},"author":2,"featured_media":0,"parent":0,"menu_order":0,"comment_status":"closed","ping_status":"closed","template":"","meta":{"footnotes":""},"aioseo_notices":[],"_links":{"self":[{"href":"https:\/\/syrrakostavraetos.gr\/de\/wp-json\/wp\/v2\/pages\/5402"}],"collection":[{"href":"https:\/\/syrrakostavraetos.gr\/de\/wp-json\/wp\/v2\/pages"}],"about":[{"href":"https:\/\/syrrakostavraetos.gr\/de\/wp-json\/wp\/v2\/types\/page"}],"author":[{"embeddable":true,"href":"https:\/\/syrrakostavraetos.gr\/de\/wp-json\/wp\/v2\/users\/2"}],"replies":[{"embeddable":true,"href":"https:\/\/syrrakostavraetos.gr\/de\/wp-json\/wp\/v2\/comments?post=5402"}],"version-history":[{"count":9,"href":"https:\/\/syrrakostavraetos.gr\/de\/wp-json\/wp\/v2\/pages\/5402\/revisions"}],"predecessor-version":[{"id":5454,"href":"https:\/\/syrrakostavraetos.gr\/de\/wp-json\/wp\/v2\/pages\/5402\/revisions\/5454"}],"wp:attachment":[{"href":"https:\/\/syrrakostavraetos.gr\/de\/wp-json\/wp\/v2\/media?parent=5402"}],"curies":[{"name":"wp","href":"https:\/\/api.w.org\/{rel}","templated":true}]}}