{"id":84,"date":"2016-09-30T10:03:02","date_gmt":"2016-09-30T03:03:02","guid":{"rendered":"http:\/\/hotelwp.thimpress.com\/hotelwp-2\/?page_id=84"},"modified":"2021-03-21T15:10:43","modified_gmt":"2021-03-21T13:10:43","slug":"contact","status":"publish","type":"page","link":"https:\/\/syrrakostavraetos.gr\/de\/contact\/","title":{"rendered":"Information"},"content":{"rendered":"<p><\/p>\n<p>[vc_row][vc_column width=&#8221;1\/2&#8243;][vc_empty_space height=&#8221;26px&#8221;]\n\t<div class=\"thim-sc-heading  \" >\n\t\t<div class=\"article_heading \">\n\t\t\t<p class=\"heading_primary\"  >Wie komme ich hin?<\/p>\n\t\t\t<h3 style=\"color: #000000;font-size: 26px;\" class=\"heading_secondary\">Anweisungen f\u00fcr den Zugang zur Stra\u00dfe<\/h3>\n\t\t\t \n\t\t\t\n\t\t<\/div>\n\t<\/div>[vc_wp_text]<\/p>\n<ul class=\"thim-list\" style=\"font-size: 14px; line-height: 14px; font-weight: 400;\">\n<li><strong><i class=\"fa fa-check thim-primary-color\"><\/i>Mit Karte<\/strong><\/li>\n<li><strong><i class=\"fa fa-check thim-primary-color\"><\/i>Mit GPS<\/strong><\/li>\n<li><strong><i class=\"fa fa-check thim-primary-color\"><\/i>Mit Google Maps am unteren Rand der Seite<\/strong><\/li>\n<\/ul>\n<p>[\/vc_wp_text][vc_wp_text]<strong>Wenn Sie nichts von diesen verlassen folgt unseren Anweisungen: Der k\u00fcrzeste Weg von den Hauptstra\u00dfen zu Syrrako aus dem Becken von Ioannina in H\u00f6he Koutselio Dorf gezogen.<\/strong><\/p>\n<p><strong>Es werden Sie die erste Ausfahrt in die Stadt Ioannina mit von Thessaloniki kommen und nach dem Weg Pedini &#8211; Bafra &#8211; Koutselio, aus Athen kommen. Koutselio &#8211; Br\u00fccke Tsimpovo &#8211; Petrovouni &#8211; Potistika &#8211; Paleochori Syrrakou &#8211; Prosilio &#8211; Syrrako.<\/strong><\/p>\n<p><strong>Von S\u00fcden oder Athen Sie durch Arta die Bergkette von Tzoumerka zu \u00fcberqueren: Arta &#8211; Rodavgi &#8211; Plaka Br\u00fccke &#8211; Pramanta &#8211; Prosilio-Syrrako.<\/strong><\/p>\n<p><strong>Von Thessalien und nur f\u00fcr die Sommermonate: Kalambaka-Aspropotamos &#8211; Kies &#8211; Anthousa &#8211; Passage Bharu &#8211; Kalarrytes &#8211; Prosilio &#8211; Syrrako.<\/strong><\/p>\n<p><strong>Auch aus Thessalien: Pyli Trikalon &#8211; Stournareika &#8211; Athamanio &#8211; Pramanta &#8211; Prosilio &#8211; Syrrako.<\/strong>[\/vc_wp_text][vc_empty_space height=&#8221;15px&#8221;][vc_row_inner][vc_column_inner width=&#8221;1\/2&#8243;]\n\t<div class=\"thim-sc-heading  \" >\n\t\t<div class=\"article_heading \">\n\t\t\t<p class=\"heading_primary\"  >Entfernungen von Syrrako:<\/p>\n\t\t\t\n\t\t\t \n\t\t\t\n\t\t<\/div>\n\t<\/div>[vc_empty_space][vc_wp_text]<strong>&#8211; Von Ioannina: 52 km und von Egnatia, 42 km.<\/strong><\/p>\n<p><strong>&#8211; Von Athen: 438 km \u00fcber Patras<\/strong><\/p>\n<p><strong>&#8211; Von Thessaloniki: 349 km \u00fcber Egnatia<\/strong><\/p>\n<p><strong>&#8211; Von Patras: 246 km \u00fcber Rio Antirrio<\/strong><\/p>\n<p><strong>&#8211; Von Igoumenitsa: 100 km \u00fcber Egnatia<\/strong><\/p>\n<p><strong>Von Metsovo: 60 km \u00fcber Egnatia<\/strong>[\/vc_wp_text][\/vc_column_inner][vc_column_inner width=&#8221;1\/2&#8243;]\n\t<div class=\"thim-sc-heading  \" >\n\t\t<div class=\"article_heading \">\n\t\t\t<p class=\"heading_primary\"  >Bitten Sie um Anweisungen<\/p>\n\t\t\t\n\t\t\t \n\t\t\t\n\t\t<\/div>\n\t<\/div>[vc_empty_space][vc_column_text]<\/p>\n<div class=\"thim-footer-location\">\n<p class=\"info\"><strong><i class=\"fa fa-phone\"><\/i><a href=\"tel:0 +30 26510 53296\">+30 26510 53296<\/a><\/strong><\/p>\n<p class=\"info\"><strong><i class=\"fa fa-mobile\"><\/i><a href=\"tel:0 +30 6946 424324\">+30 6946 424324<\/a><\/strong><\/p>\n<p class=\"info\"><strong><i class=\"fa fa-fax\"><\/i><a href=\"tel:0 +30 26510 47802\">+30 26510 47802<\/a><\/strong><\/p>\n<p class=\"info\"><strong><i class=\"fa fa-envelope\"><\/i><a href=\"mailto:info@syrrakostavraetos.gr\">info@syrrakostavraetos.gr<\/a><\/strong><\/p>\n<p class=\"info\"><strong><i class=\"fa fa-map-marker\"><\/i> Syrrako 44001 Ioannina<\/strong><\/p>\n<\/div>\n<p>[\/vc_column_text][\/vc_column_inner][\/vc_row_inner][\/vc_column][vc_column width=&#8221;1\/2&#8243;]\n\t<div class=\"thim-sc-heading  \" >\n\t\t<div class=\"article_heading \">\n\t\t\t<p class=\"heading_primary\"  >Senden Sie es<\/p>\n\t\t\t<h3 style=\"color: #000000;font-size: 26px;\" class=\"heading_secondary\">Senden Sie es<\/h3>\n\t\t\t<div class=\"heading-des\"><strong>Hast du etwas vor, was du uns sagen willst?<br \/>\nZ\u00f6gern Sie nicht, uns \u00fcber das Kontaktformular zu kontaktieren.<\/strong><\/div> \n\t\t\t\n\t\t<\/div>\n\t<\/div>[vc_empty_space height=&#8221;50px&#8221;][vc_column_text]\n<div class=\"wpcf7 no-js\" id=\"wpcf7-f188-o3\" lang=\"en-US\" dir=\"ltr\">\n<div class=\"screen-reader-response\"><p role=\"status\" aria-live=\"polite\" aria-atomic=\"true\"><\/p> <ul><\/ul><\/div>\n<form action=\"\/de\/wp-json\/wp\/v2\/pages\/84#wpcf7-f188-o3\" method=\"post\" class=\"wpcf7-form init\" aria-label=\"Contact form\" novalidate=\"novalidate\" data-status=\"init\">\n<div style=\"display: none;\">\n<input type=\"hidden\" name=\"_wpcf7\" value=\"188\" \/>\n<input type=\"hidden\" name=\"_wpcf7_version\" value=\"5.8.5\" \/>\n<input type=\"hidden\" name=\"_wpcf7_locale\" value=\"en_US\" \/>\n<input type=\"hidden\" name=\"_wpcf7_unit_tag\" value=\"wpcf7-f188-o3\" \/>\n<input type=\"hidden\" name=\"_wpcf7_container_post\" value=\"0\" \/>\n<input type=\"hidden\" name=\"_wpcf7_posted_data_hash\" value=\"\" \/>\n<input type=\"hidden\" name=\"_wpcf7_recaptcha_response\" value=\"\" \/>\n<\/div>\n<p><span class=\"wpcf7-form-control-wrap\" data-name=\"your-name\"><input size=\"40\" class=\"wpcf7-form-control wpcf7-text wpcf7-validates-as-required\" aria-required=\"true\" aria-invalid=\"false\" placeholder=\"Your name *\" value=\"\" type=\"text\" name=\"your-name\" \/><\/span>\n<\/p>\n<p><span class=\"wpcf7-form-control-wrap\" data-name=\"your-email\"><input size=\"40\" class=\"wpcf7-form-control wpcf7-email wpcf7-validates-as-required wpcf7-text wpcf7-validates-as-email\" aria-required=\"true\" aria-invalid=\"false\" placeholder=\"Your e-mail *\" value=\"\" type=\"email\" name=\"your-email\" \/><\/span>\n<\/p>\n<p><span class=\"wpcf7-form-control-wrap\" data-name=\"your-phone\"><input size=\"40\" class=\"wpcf7-form-control wpcf7-tel wpcf7-validates-as-required wpcf7-text wpcf7-validates-as-tel\" aria-required=\"true\" aria-invalid=\"false\" placeholder=\"Your phone number *\" value=\"\" type=\"tel\" name=\"your-phone\" \/><\/span>\n<\/p>\n<p><span class=\"wpcf7-form-control-wrap\" data-name=\"your-message\"><textarea cols=\"40\" rows=\"10\" class=\"wpcf7-form-control wpcf7-textarea wpcf7-validates-as-required\" aria-required=\"true\" aria-invalid=\"false\" placeholder=\"Your message *\" name=\"your-message\"><\/textarea><\/span>\n<\/p>\n<p><input class=\"wpcf7-form-control wpcf7-submit has-spinner\" type=\"submit\" value=\"SEND MESSAGE\" \/>\n<\/p><div class=\"wpcf7-response-output\" aria-hidden=\"true\"><\/div>\n<\/form>\n<\/div>\n[\/vc_column_text][vc_row_inner][vc_column_inner][\/vc_column_inner][\/vc_row_inner][\/vc_column][\/vc_row][vc_row full_width=&#8221;stretch_row_content_no_spaces&#8221;][vc_column][vc_empty_space height=&#8221;65px&#8221;][vc_gmaps link=&#8221;#E-8_JTNDaWZyYW1lJTIwc3JjJTNEJTIyaHR0cHMlM0ElMkYlMkZ3d3cuZ29vZ2xlLmNvbSUyRm1hcHMlMkZlbWJlZCUzRnBiJTNEJTIxMW0xOCUyMTFtMTIlMjExbTMlMjExZDMwNzQuNDYxNTk5OTkwNzA5JTIxMmQyMS4xMDUwNDAzMTUzNzExMjQlMjEzZDM5LjU5NDI4Mjk3OTQ2OTE0JTIxMm0zJTIxMWYwJTIxMmYwJTIxM2YwJTIxM20yJTIxMWkxMDI0JTIxMmk3NjglMjE0ZjEzLjElMjEzbTMlMjExbTIlMjExczB4MTM1OTVmNzdiZTc2YjkxZiUyNTNBMHhlN2IzN2IzNDA4Y2YzOTZjJTIxMnp6cVBQaE02eHo0WFBnYzZ4enJYUGhNLU16NEklMjE1ZTAlMjEzbTIlMjExc2VsJTIxMnNnciUyMTR2MTUwOTY2ODM3OTU3MiUyMiUyMHdpZHRoJTNEJTIyNjAwJTIyJTIwaGVpZ2h0JTNEJTIyNDUwJTIyJTIwZnJhbWVib3JkZXIlM0QlMjIwJTIyJTIwc3R5bGUlM0QlMjJib3JkZXIlM0EwJTIyJTIwYWxsb3dmdWxsc2NyZWVuJTNFJTNDJTJGaWZyYW1lJTNF&#8221;][\/vc_column][\/vc_row][vc_row][vc_column][vc_column_text][\/vc_column_text][\/vc_column][\/vc_row]<\/p>\n<p><\/p>","protected":false},"excerpt":{"rendered":"<p>[vc_row][vc_column width=&#8221;1\/2&#8243;][vc_empty_space height=&#8221;26px&#8221;][vc_wp_text] Mit Karte Mit GPS Mit Google Maps am unteren Rand der Seite [\/vc_wp_text][vc_wp_text]Wenn Sie nichts von diesen verlassen folgt unseren Anweisungen: Der k\u00fcrzeste Weg von den Hauptstra\u00dfen zu Syrrako aus dem Becken von Ioannina in H\u00f6he Koutselio Dorf gezogen. Es werden Sie die erste Ausfahrt in die&#8230;<\/p>\n","protected":false},"author":2,"featured_media":0,"parent":0,"menu_order":26,"comment_status":"closed","ping_status":"closed","template":"","meta":{"footnotes":""},"aioseo_notices":[],"_links":{"self":[{"href":"https:\/\/syrrakostavraetos.gr\/de\/wp-json\/wp\/v2\/pages\/84"}],"collection":[{"href":"https:\/\/syrrakostavraetos.gr\/de\/wp-json\/wp\/v2\/pages"}],"about":[{"href":"https:\/\/syrrakostavraetos.gr\/de\/wp-json\/wp\/v2\/types\/page"}],"author":[{"embeddable":true,"href":"https:\/\/syrrakostavraetos.gr\/de\/wp-json\/wp\/v2\/users\/2"}],"replies":[{"embeddable":true,"href":"https:\/\/syrrakostavraetos.gr\/de\/wp-json\/wp\/v2\/comments?post=84"}],"version-history":[{"count":5,"href":"https:\/\/syrrakostavraetos.gr\/de\/wp-json\/wp\/v2\/pages\/84\/revisions"}],"predecessor-version":[{"id":5490,"href":"https:\/\/syrrakostavraetos.gr\/de\/wp-json\/wp\/v2\/pages\/84\/revisions\/5490"}],"wp:attachment":[{"href":"https:\/\/syrrakostavraetos.gr\/de\/wp-json\/wp\/v2\/media?parent=84"}],"curies":[{"name":"wp","href":"https:\/\/api.w.org\/{rel}","templated":true}]}}